{"id":8224,"date":"2021-03-29T18:33:59","date_gmt":"2021-03-29T18:33:59","guid":{"rendered":"https:\/\/www.hispeo.com\/?page_id=8224"},"modified":"2024-11-11T12:22:59","modified_gmt":"2024-11-11T12:22:59","slug":"politica-de-cookies","status":"publish","type":"page","link":"https:\/\/www.hispeo.com\/es\/politica-de-cookies\/","title":{"rendered":"Pol\u00edtica de cookies"},"content":{"rendered":"\n<div class=\"wp-block-cover alignfull has-parallax\" style=\"padding-right:var(--wp--preset--spacing--30);padding-left:var(--wp--preset--spacing--30);min-height:200px;aspect-ratio:unset;\"><span aria-hidden=\"true\" class=\"wp-block-cover__background has-background-dim-90 has-background-dim wp-block-cover__gradient-background has-background-gradient has-blush-bordeaux-gradient-background\"><\/span><div role=\"img\" aria-label=\"Pol\u00edtica de cookies\" class=\"wp-block-cover__image-background wp-image-59 has-parallax lazyload\" style=\"background-position:50% 50%;background-image:inherit\" data-bg-image=\"url(http:\/\/s309930697.onlinehome.fr\/wp-content\/uploads\/2020\/05\/traduction-espagnol.png)\"><\/div><div class=\"wp-block-cover__inner-container is-layout-flow wp-block-cover-is-layout-flow\">\n<h1 class=\"wp-block-heading has-white-color has-text-color\">Pol\u00edtica de cookies<\/h1>\n<\/div><\/div>\n\n\n\n<p><\/p>\n\n\n\n<h2 class=\"wp-block-heading has-neve-button-color-color has-text-color\"><strong>\u00bf<\/strong>Qu\u00e9 son las cookies?<\/h2>\n\n\n\n<p>Una cookie es un peque\u00f1o archivo de texto que contiene informaci\u00f3n y que se queda almacenado en el disco duro de tu terminal o dispositivo<em> <\/em>(ordenador,<em> <\/em>m\u00f3vil,&nbsp;tablet\u2026) tras consultar una p\u00e1gina Web. Las cookies permiten realizar an\u00e1lisis estad\u00edsticos para poder personalizar tu experiencia de usuario en la p\u00e1gina web. No son estrictamente necesarios para que la p\u00e1gina Web funcione, pero tendr\u00e1s una mejor experiencia de navegaci\u00f3n si las cookies est\u00e1n activadas.<\/p>\n\n\n\n<h2 class=\"wp-block-heading has-neve-button-color-color has-text-color\"><strong>\u00bf<\/strong>Qui\u00e9n almacena y administra las cookies?<\/h2>\n\n\n\n<p>Las cookies colocadas en tu equipo tras consultar la p\u00e1gina Web de hispeo pueden ser almacenadas por&nbsp;hispeo&nbsp;o por Terceros. Las cookies almacenadas por hispeo est\u00e1n relacionadas principalmente con el funcionamiento de la p\u00e1gina web. Las dem\u00e1s son cookies de \u00abTerceros\u00bb colocadas por socios.&nbsp;Hispeo recuerda que no tiene ning\u00fan control sobre las cookies almacenadas por Terceros que act\u00faan por cuenta propia. \u00danicamente el emisor de una cookie puede leer la informaci\u00f3n contenida en ella.<\/p>\n\n\n\n<h2 class=\"wp-block-heading has-neve-button-color-color has-text-color\"><strong>\u00bf<\/strong>Por qu\u00e9 y c\u00f3mo Hispeo utiliza las cookies?<\/h2>\n\n\n\n<p>Cuando te conectas a una de las p\u00e1ginas Web de hispeo, ya sea durante una sencilla consulta o para usar uno de los servicios, hispeo puede instalar en tu equipo, dependiendo de tu elecci\u00f3n, diferentes cookies que permitir\u00e1n reconocer el navegador de tu equipo durante el per\u00edodo de validez de la cookie correspondiente.<\/p>\n\n\n\n<p>Se utilizan las cookies seg\u00fan las finalidades descritas en el apartado a continuaci\u00f3n.&nbsp;Esta acci\u00f3n resulta de los par\u00e1metros que has indicado durante tu consulta. Puedes desactivar las cookies y modificarlas en cualquier momento como lo estipulan las  condiciones de la presente pol\u00edtica de cookies.<\/p>\n\n\n\n<h2 class=\"wp-block-heading has-neve-button-color-color has-text-color\">Tipo de cookies seg\u00fan su finalidad<\/h2>\n\n\n\n<h3 class=\"wp-block-heading\"><strong>Cookies t\u00e9cnicas&nbsp;<\/strong><\/h3>\n\n\n\n<p>Estas cookies son imprescindibles para el buen funcionamiento de la p\u00e1gina Web. No obstante, el hecho de desactivar estas cookies puede influir en tu experiencia de navegaci\u00f3n, seg\u00fan el equipo o dispositivo que utilizas.&nbsp;<\/p>\n\n\n\n<h3 class=\"wp-block-heading\">Cookies de an\u00e1lisis o medici\u00f3n de la audiencia<\/h3>\n\n\n\n<p>Hispeo utiliza estas cookies para recopilar informaciones estad\u00edsticas sobre su p\u00e1gina Web.&nbsp;Se utilizan para medir y mejorar el rendimiento de la p\u00e1gina Web.&nbsp;Las cookies anal\u00edticas ayudan a los editores de las p\u00e1ginas web a entender c\u00f3mo los visitantes interact\u00faan con las p\u00e1ginas web, recopilando informaci\u00f3n y analizando la forma de navegaci\u00f3n de forma an\u00f3nima.<\/p>\n\n\n\n<h3 class=\"wp-block-heading\">Cookies de terceros<\/h3>\n\n\n\n<p>Hispeo puede incluir aplicaciones inform\u00e1ticas procedentes de Terceros en su p\u00e1gina Web que le permiten compartir contenidos de la p\u00e1gina Web de Hispeo con otras personas o dar a conocer tu consulta u opini\u00f3n sobre el contenido de su p\u00e1gina Web.&nbsp;Por ejemplo, la p\u00e1gina web de hispeo puede tener enlaces hacia Facebook y otras redes sociales, que le permiten compartir contenidos de la p\u00e1gina Web de hispeo con otras personas.&nbsp;Es el caso principalmente de los botones \u00ab compartir \u00bb \u00ab me gusta \u00bb, en Facebook, etc. Cuando se usan estos botones de redes sociales como por ejemplo \u00abcompartir\u00bb, la red social en cuesti\u00f3n instala una cookie de Terceros y te identifican gracias a este bot\u00f3n.&nbsp;Si est\u00e1s conectado(a) con la red social cuando navegas a trav\u00e9s de nuestra p\u00e1gina Web, estos botones le permiten relacionar los contenidos consultados con tu cuenta de usuario.<\/p>\n\n\n\n<p>Si has bloqueado o desactivado las cookies, deber\u00e1s identificarte y conectarte de nuevo a la cuenta de la red social para poder compartir el contenido de la p\u00e1gina de hispeo.&nbsp;La red social que suministra tal bot\u00f3n puede identificarte gracias a este bot\u00f3n. De manera general, este tipo de bot\u00f3n permite a la red social seguir tu navegaci\u00f3n en nuestra p\u00e1gina Web, por el mero hecho de que tu cuenta a la red social estaba activada en tu terminal (sesi\u00f3n abierta) durante la navegaci\u00f3n en nuestra p\u00e1gina.<\/p>\n\n\n\n<p>Hispeo te invita a consultar las pol\u00edticas de protecci\u00f3n de la privacidad de las redes sociales para conocer el uso, principalmente publicitario, de las informaciones de navegaci\u00f3n, que pueden recopilar las redes sociales gracias a estos botones. Hispeo recuerda que no tiene ning\u00fan control sobre el proceso que utilizan las redes sociales para recopilar dichas informaciones relativas a tu navegaci\u00f3n en la p\u00e1gina Web de hispeo. Encontrar\u00e1s a continuaci\u00f3n las pol\u00edticas de cookies de las redes sociales :<\/p>\n\n\n\n<p>Facebook (Pol\u00edtica de cookies &#8211; versi\u00f3n es) : <a aria-label=\"undefined (s\u2019ouvre dans un nouvel onglet)\" href=\"https:\/\/www.facebook.com\/policies\/cookies\/?locale=es_LA\" target=\"_blank\" rel=\"noreferrer noopener\">https:\/\/fr-fr.facebook.com\/policies\/cookies\/<\/a><a aria-label=\"undefined (s\u2019ouvre dans un nouvel onglet)\" href=\"https:\/\/www.facebook.com\/hispeo\" target=\"_blank\" rel=\"noreferrer noopener\">&nbsp;<\/a><\/p>\n\n\n\n<p>En caso de traducci\u00f3n de la presente pol\u00edtica de cookies, la versi\u00f3n francesa ser\u00e1 considerada la \u00fanica v\u00e1lida jur\u00eddicamente.<\/p>\n\n\n\n<p>Puedes consultar tambi\u00e9n nuestras <strong><a href=\"\/es\/condiciones-generales-de-venta\" target=\"_blank\" aria-label=\"undefined (s\u2019ouvre dans un nouvel onglet)\" rel=\"noreferrer noopener\">Condiciones generales de Venta (CGV)<\/a><\/strong> o nuestras <strong><a href=\"\/es\/condiciones-de-uso\" target=\"_blank\" aria-label=\"undefined (s\u2019ouvre dans un nouvel onglet)\" rel=\"noreferrer noopener\">Condiciones de uso<\/a><\/strong>.<\/p>\n\n\n\n<div class=\"wp-block-cover alignfull is-light\" style=\"min-height:400px;aspect-ratio:unset;\"><span aria-hidden=\"true\" class=\"wp-block-cover__background has-background-dim-100 has-background-dim\" style=\"background-color:#a7a7a7\"><\/span><div class=\"wp-block-cover__inner-container is-layout-flow wp-block-cover-is-layout-flow\">\n<h2 id=\"wp-block-themeisle-blocks-advanced-heading-f5dc7ea6\" class=\"wp-block-themeisle-blocks-advanced-heading wp-block-themeisle-blocks-advanced-heading-f5dc7ea6\">Oferta de bienvenida<\/h2>\n\n\n\n<h3 id=\"wp-block-themeisle-blocks-advanced-heading-4a90326b\" class=\"wp-block-themeisle-blocks-advanced-heading wp-block-themeisle-blocks-advanced-heading-4a90326b\"><strong>\u00a1<\/strong>10 % de descuento inmediato en tu primer pedido!<\/h3>\n\n\n\n<div class=\"wp-block-buttons is-content-justification-center is-layout-flex wp-container-core-buttons-is-layout-1 wp-block-buttons-is-layout-flex\">\n<div class=\"wp-block-button is-style-secondary\"><a class=\"wp-block-button__link wp-element-button\" href=\"\/es\/oferta-de-bienvenida\">M\u00e1s informaci\u00f3n<\/a><\/div>\n<\/div>\n\n\n<\/div><\/div>\n\n\n\n<div class=\"wp-block-cover alignfull is-light\" style=\"min-height:420px;aspect-ratio:unset;\"><span aria-hidden=\"true\" class=\"wp-block-cover__background has-neve-button-color-background-color has-background-dim-100 has-background-dim\"><\/span><div class=\"wp-block-cover__inner-container is-layout-flow wp-block-cover-is-layout-flow\">\n<p><\/p>\n\n\n\n<h4 class=\"wp-block-heading has-text-align-center has-nv-text-dark-bg-color has-text-color has-link-color wp-elements-484157f503d7ff6fbb52c1db279aae69\">\u00bf<strong>T<\/strong>ienes un proyecto?<\/h4>\n\n\n\n<p class=\"has-text-align-center has-nv-text-dark-bg-color has-text-color has-link-color wp-elements-871b84b66829877127edaa2b8031bf54\"><strong>\u00bfNecesitas m\u00e1s informaci<strong>\u00f3<\/strong>n sobre los servicios de hispeo o necesitas pedir un presupuesto?<\/strong><\/p>\n\n\n\n<div class=\"wp-block-columns is-layout-flex wp-container-core-columns-is-layout-1 wp-block-columns-is-layout-flex\">\n<div class=\"wp-block-column is-layout-flow wp-block-column-is-layout-flow\"><div class=\"wp-block-image is-resized\">\n<figure class=\"aligncenter size-large\"><img loading=\"lazy\" decoding=\"async\" width=\"540\" height=\"516\" data-src=\"http:\/\/s309930697.onlinehome.fr\/wp-content\/uploads\/2020\/10\/email-picto-blanc.png\" alt=\"\" class=\"wp-image-2413 lazyload\" style=\"--smush-placeholder-width: 540px; --smush-placeholder-aspect-ratio: 540\/516;aspect-ratio:1;width:74px;height:auto\" data-srcset=\"https:\/\/www.hispeo.com\/wp-content\/uploads\/2020\/10\/email-picto-blanc.png 540w, https:\/\/www.hispeo.com\/wp-content\/uploads\/2020\/10\/email-picto-blanc-300x287.png 300w\" data-sizes=\"(max-width: 540px) 100vw, 540px\" src=\"data:image\/gif;base64,R0lGODlhAQABAAAAACH5BAEKAAEALAAAAAABAAEAAAICTAEAOw==\" \/><noscript><img loading=\"lazy\" decoding=\"async\" width=\"540\" height=\"516\" src=\"http:\/\/s309930697.onlinehome.fr\/wp-content\/uploads\/2020\/10\/email-picto-blanc.png\" alt=\"\" class=\"wp-image-2413\" style=\"aspect-ratio:1;width:74px;height:auto\" srcset=\"https:\/\/www.hispeo.com\/wp-content\/uploads\/2020\/10\/email-picto-blanc.png 540w, https:\/\/www.hispeo.com\/wp-content\/uploads\/2020\/10\/email-picto-blanc-300x287.png 300w\" sizes=\"(max-width: 540px) 100vw, 540px\" \/><\/noscript><\/figure><\/div>\n\n\n<p class=\"has-text-align-center\"><a href=\"mailto:contact@hispeo.com\" target=\"_blank\" aria-label=\"undefined (s\u2019ouvre dans un nouvel onglet)\" rel=\"noreferrer noopener\"><span style=\"color:#ffffff\" class=\"tadv-color\">contact@hispeo.com<\/span><\/a><\/p>\n<\/div>\n\n\n\n<div class=\"wp-block-column is-layout-flow wp-block-column-is-layout-flow\"><div class=\"wp-block-image is-resized\">\n<figure class=\"aligncenter size-large\"><img loading=\"lazy\" decoding=\"async\" width=\"547\" height=\"579\" data-src=\"http:\/\/s309930697.onlinehome.fr\/wp-content\/uploads\/2020\/10\/phone-picto-blanc.png\" alt=\"\" class=\"wp-image-2414 lazyload\" style=\"--smush-placeholder-width: 547px; --smush-placeholder-aspect-ratio: 547\/579;aspect-ratio:1;width:76px;height:auto\" data-srcset=\"https:\/\/www.hispeo.com\/wp-content\/uploads\/2020\/10\/phone-picto-blanc.png 547w, https:\/\/www.hispeo.com\/wp-content\/uploads\/2020\/10\/phone-picto-blanc-283x300.png 283w\" data-sizes=\"(max-width: 547px) 100vw, 547px\" src=\"data:image\/gif;base64,R0lGODlhAQABAAAAACH5BAEKAAEALAAAAAABAAEAAAICTAEAOw==\" \/><noscript><img loading=\"lazy\" decoding=\"async\" width=\"547\" height=\"579\" src=\"http:\/\/s309930697.onlinehome.fr\/wp-content\/uploads\/2020\/10\/phone-picto-blanc.png\" alt=\"\" class=\"wp-image-2414\" style=\"aspect-ratio:1;width:76px;height:auto\" srcset=\"https:\/\/www.hispeo.com\/wp-content\/uploads\/2020\/10\/phone-picto-blanc.png 547w, https:\/\/www.hispeo.com\/wp-content\/uploads\/2020\/10\/phone-picto-blanc-283x300.png 283w\" sizes=\"(max-width: 547px) 100vw, 547px\" \/><\/noscript><\/figure><\/div>\n\n\n<div class=\"wp-block-group\"><div class=\"wp-block-group__inner-container is-layout-flow wp-block-group-is-layout-flow\">\n<div class=\"wp-block-group\"><div class=\"wp-block-group__inner-container is-layout-flow wp-block-group-is-layout-flow\">\n<div class=\"wp-block-group\"><div class=\"wp-block-group__inner-container is-layout-flow wp-block-group-is-layout-flow\">\n<p class=\"has-text-align-center has-nv-text-dark-bg-color has-text-color has-link-color has-medium-font-size wp-elements-bc5dcd68cfc45303ed2a2a7c15bc372a\"><strong>+33<strong> 9 50 68 80 36<\/strong><\/strong> de lunes a viernes de 9.00 a 18.00<\/p>\n<\/div><\/div>\n<\/div><\/div>\n<\/div><\/div>\n<\/div>\n\n\n\n<div class=\"wp-block-column is-layout-flow wp-block-column-is-layout-flow\"><div class=\"wp-block-image is-resized\">\n<figure class=\"aligncenter size-large\"><img loading=\"lazy\" decoding=\"async\" width=\"571\" height=\"455\" data-src=\"http:\/\/s309930697.onlinehome.fr\/wp-content\/uploads\/2020\/10\/form-picto-blanc.png\" alt=\"\" class=\"wp-image-2415 lazyload\" style=\"--smush-placeholder-width: 571px; --smush-placeholder-aspect-ratio: 571\/455;aspect-ratio:1;width:74px;height:auto\" data-srcset=\"https:\/\/www.hispeo.com\/wp-content\/uploads\/2020\/10\/form-picto-blanc.png 571w, https:\/\/www.hispeo.com\/wp-content\/uploads\/2020\/10\/form-picto-blanc-300x239.png 300w\" data-sizes=\"(max-width: 571px) 100vw, 571px\" src=\"data:image\/gif;base64,R0lGODlhAQABAAAAACH5BAEKAAEALAAAAAABAAEAAAICTAEAOw==\" \/><noscript><img loading=\"lazy\" decoding=\"async\" width=\"571\" height=\"455\" src=\"http:\/\/s309930697.onlinehome.fr\/wp-content\/uploads\/2020\/10\/form-picto-blanc.png\" alt=\"\" class=\"wp-image-2415\" style=\"aspect-ratio:1;width:74px;height:auto\" srcset=\"https:\/\/www.hispeo.com\/wp-content\/uploads\/2020\/10\/form-picto-blanc.png 571w, https:\/\/www.hispeo.com\/wp-content\/uploads\/2020\/10\/form-picto-blanc-300x239.png 300w\" sizes=\"(max-width: 571px) 100vw, 571px\" \/><\/noscript><\/figure><\/div>\n\n\n<p class=\"has-text-align-center has-white-color has-text-color\"><a href=\"\/es\/contacto\/\"><span style=\"color:#ffffff\" class=\"tadv-color\">Formulario de contact<\/span><\/a>o<\/p>\n<\/div>\n<\/div>\n<\/div><\/div>\n","protected":false},"excerpt":{"rendered":"<p>\u00bfQu\u00e9 son las cookies? Una cookie es un peque\u00f1o archivo de texto que contiene informaci\u00f3n y que se queda almacenado en el disco duro de tu terminal o dispositivo (ordenador, m\u00f3vil,&nbsp;tablet\u2026) tras consultar una p\u00e1gina Web. Las cookies permiten realizar an\u00e1lisis estad\u00edsticos para poder personalizar tu experiencia de usuario en la p\u00e1gina web. No son&hellip;&nbsp;<a href=\"https:\/\/www.hispeo.com\/es\/politica-de-cookies\/\" rel=\"bookmark\">Leer m\u00e1s &raquo;<span class=\"screen-reader-text\">Pol\u00edtica de cookies<\/span><\/a><\/p>\n","protected":false},"author":1,"featured_media":0,"parent":0,"menu_order":-3,"comment_status":"closed","ping_status":"closed","template":"","meta":{"neve_meta_sidebar":"full-width","neve_meta_container":"contained","neve_meta_enable_content_width":"off","neve_meta_content_width":100,"neve_meta_title_alignment":"","neve_meta_author_avatar":"","neve_post_elements_order":"","neve_meta_disable_header":"","neve_meta_disable_footer":"","neve_meta_disable_title":"on","_themeisle_gutenberg_block_has_review":false,"footnotes":""},"class_list":["post-8224","page","type-page","status-publish","hentry"],"yoast_head":"<!-- This site is optimized with the Yoast SEO plugin v23.8 - https:\/\/yoast.com\/wordpress\/plugins\/seo\/ -->\n<title>Pol\u00edtica de cookies - Hispeo<\/title>\n<meta name=\"description\" content=\"Una cookie es un peque\u00f1o archivo de texto que contiene informaci\u00f3n y que se queda almacenado en el disco duro de tu terminal o dispositivo.\" \/>\n<meta name=\"robots\" content=\"index, follow, max-snippet:-1, max-image-preview:large, max-video-preview:-1\" \/>\n<link rel=\"canonical\" href=\"https:\/\/www.hispeo.com\/es\/politica-de-cookies\/\" \/>\n<meta property=\"og:locale\" content=\"es_ES\" \/>\n<meta property=\"og:type\" content=\"article\" \/>\n<meta property=\"og:title\" content=\"Pol\u00edtica de cookies - Hispeo\" \/>\n<meta property=\"og:description\" content=\"Una cookie es un peque\u00f1o archivo de texto que contiene informaci\u00f3n y que se queda almacenado en el disco duro de tu terminal o dispositivo.\" \/>\n<meta property=\"og:url\" content=\"https:\/\/www.hispeo.com\/es\/politica-de-cookies\/\" \/>\n<meta property=\"og:site_name\" content=\"Hispeo\" \/>\n<meta property=\"article:publisher\" content=\"https:\/\/www.facebook.com\/hispeo\" \/>\n<meta property=\"article:modified_time\" content=\"2024-11-11T12:22:59+00:00\" \/>\n<meta property=\"og:image\" content=\"https:\/\/www.hispeo.com\/wp-content\/uploads\/2021\/01\/hispeo-cover-fb.jpg\" \/>\n\t<meta property=\"og:image:width\" content=\"851\" \/>\n\t<meta property=\"og:image:height\" content=\"315\" \/>\n\t<meta property=\"og:image:type\" content=\"image\/jpeg\" \/>\n<meta name=\"twitter:card\" content=\"summary_large_image\" \/>\n<meta name=\"twitter:label1\" content=\"Tiempo de lectura\" \/>\n\t<meta name=\"twitter:data1\" content=\"5 minutos\" \/>\n<script type=\"application\/ld+json\" class=\"yoast-schema-graph\">{\"@context\":\"https:\/\/schema.org\",\"@graph\":[{\"@type\":\"WebPage\",\"@id\":\"https:\/\/www.hispeo.com\/es\/politica-de-cookies\/\",\"url\":\"https:\/\/www.hispeo.com\/es\/politica-de-cookies\/\",\"name\":\"Pol\u00edtica de cookies - Hispeo\",\"isPartOf\":{\"@id\":\"https:\/\/www.hispeo.com\/#website\"},\"datePublished\":\"2021-03-29T18:33:59+00:00\",\"dateModified\":\"2024-11-11T12:22:59+00:00\",\"description\":\"Una cookie es un peque\u00f1o archivo de texto que contiene informaci\u00f3n y que se queda almacenado en el disco duro de tu terminal o dispositivo.\",\"breadcrumb\":{\"@id\":\"https:\/\/www.hispeo.com\/es\/politica-de-cookies\/#breadcrumb\"},\"inLanguage\":\"es\",\"potentialAction\":[{\"@type\":\"ReadAction\",\"target\":[\"https:\/\/www.hispeo.com\/es\/politica-de-cookies\/\"]}]},{\"@type\":\"BreadcrumbList\",\"@id\":\"https:\/\/www.hispeo.com\/es\/politica-de-cookies\/#breadcrumb\",\"itemListElement\":[{\"@type\":\"ListItem\",\"position\":1,\"name\":\"Accueil\",\"item\":\"https:\/\/www.hispeo.com\/es\/\"},{\"@type\":\"ListItem\",\"position\":2,\"name\":\"Pol\u00edtica de cookies\"}]},{\"@type\":\"WebSite\",\"@id\":\"https:\/\/www.hispeo.com\/#website\",\"url\":\"https:\/\/www.hispeo.com\/\",\"name\":\"Hispeo\",\"description\":\"Expert en traduction, transcription et r\u00e9daction web espagnol-fran\u00e7ais, fran\u00e7ais-espagnol\",\"publisher\":{\"@id\":\"https:\/\/www.hispeo.com\/#organization\"},\"potentialAction\":[{\"@type\":\"SearchAction\",\"target\":{\"@type\":\"EntryPoint\",\"urlTemplate\":\"https:\/\/www.hispeo.com\/?s={search_term_string}\"},\"query-input\":{\"@type\":\"PropertyValueSpecification\",\"valueRequired\":true,\"valueName\":\"search_term_string\"}}],\"inLanguage\":\"es\"},{\"@type\":\"Organization\",\"@id\":\"https:\/\/www.hispeo.com\/#organization\",\"name\":\"Hispeo\",\"url\":\"https:\/\/www.hispeo.com\/\",\"logo\":{\"@type\":\"ImageObject\",\"inLanguage\":\"es\",\"@id\":\"https:\/\/www.hispeo.com\/#\/schema\/logo\/image\/\",\"url\":\"https:\/\/www.hispeo.com\/wp-content\/uploads\/2020\/05\/hispeo-logo.png\",\"contentUrl\":\"https:\/\/www.hispeo.com\/wp-content\/uploads\/2020\/05\/hispeo-logo.png\",\"width\":231,\"height\":73,\"caption\":\"Hispeo\"},\"image\":{\"@id\":\"https:\/\/www.hispeo.com\/#\/schema\/logo\/image\/\"},\"sameAs\":[\"https:\/\/www.facebook.com\/hispeo\"]}]}<\/script>\n<!-- \/ Yoast SEO plugin. -->","yoast_head_json":{"title":"Pol\u00edtica de cookies - Hispeo","description":"Una cookie es un peque\u00f1o archivo de texto que contiene informaci\u00f3n y que se queda almacenado en el disco duro de tu terminal o dispositivo.","robots":{"index":"index","follow":"follow","max-snippet":"max-snippet:-1","max-image-preview":"max-image-preview:large","max-video-preview":"max-video-preview:-1"},"canonical":"https:\/\/www.hispeo.com\/es\/politica-de-cookies\/","og_locale":"es_ES","og_type":"article","og_title":"Pol\u00edtica de cookies - Hispeo","og_description":"Una cookie es un peque\u00f1o archivo de texto que contiene informaci\u00f3n y que se queda almacenado en el disco duro de tu terminal o dispositivo.","og_url":"https:\/\/www.hispeo.com\/es\/politica-de-cookies\/","og_site_name":"Hispeo","article_publisher":"https:\/\/www.facebook.com\/hispeo","article_modified_time":"2024-11-11T12:22:59+00:00","og_image":[{"width":851,"height":315,"url":"https:\/\/www.hispeo.com\/wp-content\/uploads\/2021\/01\/hispeo-cover-fb.jpg","type":"image\/jpeg"}],"twitter_card":"summary_large_image","twitter_misc":{"Tiempo de lectura":"5 minutos"},"schema":{"@context":"https:\/\/schema.org","@graph":[{"@type":"WebPage","@id":"https:\/\/www.hispeo.com\/es\/politica-de-cookies\/","url":"https:\/\/www.hispeo.com\/es\/politica-de-cookies\/","name":"Pol\u00edtica de cookies - Hispeo","isPartOf":{"@id":"https:\/\/www.hispeo.com\/#website"},"datePublished":"2021-03-29T18:33:59+00:00","dateModified":"2024-11-11T12:22:59+00:00","description":"Una cookie es un peque\u00f1o archivo de texto que contiene informaci\u00f3n y que se queda almacenado en el disco duro de tu terminal o dispositivo.","breadcrumb":{"@id":"https:\/\/www.hispeo.com\/es\/politica-de-cookies\/#breadcrumb"},"inLanguage":"es","potentialAction":[{"@type":"ReadAction","target":["https:\/\/www.hispeo.com\/es\/politica-de-cookies\/"]}]},{"@type":"BreadcrumbList","@id":"https:\/\/www.hispeo.com\/es\/politica-de-cookies\/#breadcrumb","itemListElement":[{"@type":"ListItem","position":1,"name":"Accueil","item":"https:\/\/www.hispeo.com\/es\/"},{"@type":"ListItem","position":2,"name":"Pol\u00edtica de cookies"}]},{"@type":"WebSite","@id":"https:\/\/www.hispeo.com\/#website","url":"https:\/\/www.hispeo.com\/","name":"Hispeo","description":"Expert en traduction, transcription et r\u00e9daction web espagnol-fran\u00e7ais, fran\u00e7ais-espagnol","publisher":{"@id":"https:\/\/www.hispeo.com\/#organization"},"potentialAction":[{"@type":"SearchAction","target":{"@type":"EntryPoint","urlTemplate":"https:\/\/www.hispeo.com\/?s={search_term_string}"},"query-input":{"@type":"PropertyValueSpecification","valueRequired":true,"valueName":"search_term_string"}}],"inLanguage":"es"},{"@type":"Organization","@id":"https:\/\/www.hispeo.com\/#organization","name":"Hispeo","url":"https:\/\/www.hispeo.com\/","logo":{"@type":"ImageObject","inLanguage":"es","@id":"https:\/\/www.hispeo.com\/#\/schema\/logo\/image\/","url":"https:\/\/www.hispeo.com\/wp-content\/uploads\/2020\/05\/hispeo-logo.png","contentUrl":"https:\/\/www.hispeo.com\/wp-content\/uploads\/2020\/05\/hispeo-logo.png","width":231,"height":73,"caption":"Hispeo"},"image":{"@id":"https:\/\/www.hispeo.com\/#\/schema\/logo\/image\/"},"sameAs":["https:\/\/www.facebook.com\/hispeo"]}]}},"_links":{"self":[{"href":"https:\/\/www.hispeo.com\/es\/wp-json\/wp\/v2\/pages\/8224"}],"collection":[{"href":"https:\/\/www.hispeo.com\/es\/wp-json\/wp\/v2\/pages"}],"about":[{"href":"https:\/\/www.hispeo.com\/es\/wp-json\/wp\/v2\/types\/page"}],"author":[{"embeddable":true,"href":"https:\/\/www.hispeo.com\/es\/wp-json\/wp\/v2\/users\/1"}],"replies":[{"embeddable":true,"href":"https:\/\/www.hispeo.com\/es\/wp-json\/wp\/v2\/comments?post=8224"}],"version-history":[{"count":45,"href":"https:\/\/www.hispeo.com\/es\/wp-json\/wp\/v2\/pages\/8224\/revisions"}],"predecessor-version":[{"id":17440,"href":"https:\/\/www.hispeo.com\/es\/wp-json\/wp\/v2\/pages\/8224\/revisions\/17440"}],"wp:attachment":[{"href":"https:\/\/www.hispeo.com\/es\/wp-json\/wp\/v2\/media?parent=8224"}],"curies":[{"name":"wp","href":"https:\/\/api.w.org\/{rel}","templated":true}]}}