{"id":7871,"date":"2020-09-28T14:39:53","date_gmt":"2020-09-28T14:39:53","guid":{"rendered":"https:\/\/www.hispeo.com\/?page_id=7871"},"modified":"2026-02-06T10:53:42","modified_gmt":"2026-02-06T10:53:42","slug":"oferta-de-bienvenida","status":"publish","type":"page","link":"https:\/\/www.hispeo.com\/es\/oferta-de-bienvenida\/","title":{"rendered":"Oferta de bienvenida"},"content":{"rendered":"\n<div class=\"wp-block-cover alignfull has-parallax\" style=\"padding-right:var(--wp--preset--spacing--30);padding-left:var(--wp--preset--spacing--30);min-height:280px;aspect-ratio:unset;\"><span aria-hidden=\"true\" class=\"wp-block-cover__background has-background-dim-90 has-background-dim wp-block-cover__gradient-background has-background-gradient has-blush-bordeaux-gradient-background\"><\/span><div role=\"img\" aria-label=\"\u00bfEres\u00a0nuevo cliente de hispeo?\n\u00a1Disfruta de un 10% de descuento en tu primer pedido!\" class=\"wp-block-cover__image-background wp-image-6273 has-parallax lazyload\" style=\"background-position:50% 50%;background-image:inherit\" data-bg-image=\"url(https:\/\/www.hispeo.com\/wp-content\/uploads\/2021\/03\/54e5d044495baa14f1dc8460962e307a1022dfe35251714a772979d7_640.jpg)\"><\/div><div class=\"wp-block-cover__inner-container is-layout-flow wp-block-cover-is-layout-flow\">\n<h1 class=\"wp-block-heading has-white-color has-text-color\">\u00bfEres&nbsp;nuevo cliente de hispeo?<br><strong>\u00a1<\/strong>Disfruta de un 10% de descuento en tu primer pedido!<\/h1>\n\n\n<\/div><\/div>\n\n\n\n<h2 class=\"wp-block-heading has-neve-button-color-color has-text-color\"><br>\u00a110% de descuento inmediato en tu primer pedido!<\/h2>\n\n\n\n<h3 id=\"wp-block-themeisle-blocks-advanced-heading-4d3f7f56\" class=\"wp-block-themeisle-blocks-advanced-heading wp-block-themeisle-blocks-advanced-heading-4d3f7f56\"><strong>* Oferta de bienvenida v\u00e1lida una sola vez<\/strong> para los servicios de traducci\u00f3n, revisi\u00f3n y correcci\u00f3n de textos, interpretaci\u00f3n remota, transcripci\u00f3n y redacci\u00f3n Web. La oferta de bienvenida no se puede combinar con las otras ofertas comerciales actuales.<\/h3>\n\n\n\n<figure class=\"wp-block-image size-large\"><img loading=\"lazy\" decoding=\"async\" width=\"1024\" height=\"400\" data-src=\"https:\/\/www.hispeo.com\/wp-content\/uploads\/2021\/10\/oferta-bienvenida.png\" alt=\"\" class=\"wp-image-8626 lazyload\" data-srcset=\"https:\/\/www.hispeo.com\/wp-content\/uploads\/2021\/10\/oferta-bienvenida.png 1024w, https:\/\/www.hispeo.com\/wp-content\/uploads\/2021\/10\/oferta-bienvenida-300x117.png 300w, https:\/\/www.hispeo.com\/wp-content\/uploads\/2021\/10\/oferta-bienvenida-768x300.png 768w\" data-sizes=\"(max-width: 1024px) 100vw, 1024px\" src=\"data:image\/gif;base64,R0lGODlhAQABAAAAACH5BAEKAAEALAAAAAABAAEAAAICTAEAOw==\" style=\"--smush-placeholder-width: 1024px; --smush-placeholder-aspect-ratio: 1024\/400;\" \/><noscript><img loading=\"lazy\" decoding=\"async\" width=\"1024\" height=\"400\" src=\"https:\/\/www.hispeo.com\/wp-content\/uploads\/2021\/10\/oferta-bienvenida.png\" alt=\"\" class=\"wp-image-8626\" srcset=\"https:\/\/www.hispeo.com\/wp-content\/uploads\/2021\/10\/oferta-bienvenida.png 1024w, https:\/\/www.hispeo.com\/wp-content\/uploads\/2021\/10\/oferta-bienvenida-300x117.png 300w, https:\/\/www.hispeo.com\/wp-content\/uploads\/2021\/10\/oferta-bienvenida-768x300.png 768w\" sizes=\"(max-width: 1024px) 100vw, 1024px\" \/><\/noscript><\/figure>\n\n\n\n<p class=\"has-text-align-center has-small-font-size\">* Servicios exentos de IVA\u2013 Art\u00edculo 293B del CGI. Los precios mencionados en esta Web son los que se cobrar\u00e1n al cliente. <\/p>\n\n\n\n<h2 class=\"wp-block-heading has-neve-button-color-color has-text-color\">\u00bfTienes un proyecto? <strong>\u00a1<\/strong>Selecciona tu servicio! : <\/h2>\n\n\n\n<hr class=\"wp-block-separator has-text-color has-white-color has-css-opacity has-white-background-color has-background\"\/>\n\n\n\n<div class=\"wp-block-columns is-layout-flex wp-container-core-columns-is-layout-1 wp-block-columns-is-layout-flex\">\n<div class=\"wp-block-column is-layout-flow wp-block-column-is-layout-flow\">\n<p class=\"has-text-align-center\"><strong><a href=\"\/es\/traduccion-de-documentos-al-frances-y-al-espanol\/\">Traducci\u00f3n<\/a><\/strong><\/p>\n<\/div>\n\n\n\n<div class=\"wp-block-column is-layout-flow wp-block-column-is-layout-flow\">\n<p class=\"has-text-align-center\"><strong><a href=\"\/es\/servicio-de-interpretacion-a-distancia-espanol-frances\/\">Interpretaci\u00f3n de negocios a distancia<\/a><\/strong><\/p>\n<\/div>\n<\/div>\n\n\n\n<div class=\"wp-block-columns is-layout-flex wp-container-core-columns-is-layout-2 wp-block-columns-is-layout-flex\">\n<div class=\"wp-block-column is-layout-flow wp-block-column-is-layout-flow\"><\/div>\n\n\n\n<div class=\"wp-block-column is-layout-flow wp-block-column-is-layout-flow\"><\/div>\n\n\n\n<div class=\"wp-block-column is-layout-flow wp-block-column-is-layout-flow\"><\/div>\n<\/div>\n\n\n\n<div class=\"wp-block-columns is-layout-flex wp-container-core-columns-is-layout-3 wp-block-columns-is-layout-flex\">\n<div class=\"wp-block-column is-layout-flow wp-block-column-is-layout-flow\">\n<p class=\"has-text-align-center\"><strong><a href=\"\/es\/transcripcion-de-audio-en-frances-o-en-espanol\/\">Transcripci\u00f3n de audio<\/a><\/strong><\/p>\n<\/div>\n\n\n\n<div class=\"wp-block-column is-layout-flow wp-block-column-is-layout-flow\">\n<p class=\"has-text-align-center\"><strong><a href=\"\/es\/redaccion-de-contenidos-web-en-frances-y-espanol\/\">Redacci\u00f3n de contenidos<\/a><\/strong><\/p>\n<\/div>\n<\/div>\n\n\n\n<div class=\"wp-block-cover alignfull is-light\" style=\"min-height:420px;aspect-ratio:unset;\"><span aria-hidden=\"true\" class=\"wp-block-cover__background has-neve-button-color-background-color has-background-dim-100 has-background-dim\"><\/span><div class=\"wp-block-cover__inner-container is-layout-flow wp-block-cover-is-layout-flow\">\n<p><\/p>\n\n\n\n<h4 class=\"wp-block-heading has-text-align-center has-nv-text-dark-bg-color has-text-color has-link-color wp-elements-484157f503d7ff6fbb52c1db279aae69\">\u00bf<strong>T<\/strong>ienes un proyecto?<\/h4>\n\n\n\n<p class=\"has-text-align-center has-nv-text-dark-bg-color has-text-color has-link-color wp-elements-871b84b66829877127edaa2b8031bf54\"><strong>\u00bfNecesitas m\u00e1s informaci<strong>\u00f3<\/strong>n sobre los servicios de hispeo o necesitas pedir un presupuesto?<\/strong><\/p>\n\n\n\n<div class=\"wp-block-columns is-layout-flex wp-container-core-columns-is-layout-4 wp-block-columns-is-layout-flex\">\n<div class=\"wp-block-column is-layout-flow wp-block-column-is-layout-flow\"><div class=\"wp-block-image is-resized\">\n<figure class=\"aligncenter size-large\"><img loading=\"lazy\" decoding=\"async\" width=\"540\" height=\"516\" data-src=\"http:\/\/s309930697.onlinehome.fr\/wp-content\/uploads\/2020\/10\/email-picto-blanc.png\" alt=\"\" class=\"wp-image-2413 lazyload\" style=\"--smush-placeholder-width: 540px; --smush-placeholder-aspect-ratio: 540\/516;aspect-ratio:1;width:74px;height:auto\" data-srcset=\"https:\/\/www.hispeo.com\/wp-content\/uploads\/2020\/10\/email-picto-blanc.png 540w, https:\/\/www.hispeo.com\/wp-content\/uploads\/2020\/10\/email-picto-blanc-300x287.png 300w\" data-sizes=\"(max-width: 540px) 100vw, 540px\" src=\"data:image\/gif;base64,R0lGODlhAQABAAAAACH5BAEKAAEALAAAAAABAAEAAAICTAEAOw==\" \/><noscript><img loading=\"lazy\" decoding=\"async\" width=\"540\" height=\"516\" src=\"http:\/\/s309930697.onlinehome.fr\/wp-content\/uploads\/2020\/10\/email-picto-blanc.png\" alt=\"\" class=\"wp-image-2413\" style=\"aspect-ratio:1;width:74px;height:auto\" srcset=\"https:\/\/www.hispeo.com\/wp-content\/uploads\/2020\/10\/email-picto-blanc.png 540w, https:\/\/www.hispeo.com\/wp-content\/uploads\/2020\/10\/email-picto-blanc-300x287.png 300w\" sizes=\"(max-width: 540px) 100vw, 540px\" \/><\/noscript><\/figure><\/div>\n\n\n<p class=\"has-text-align-center\"><a href=\"mailto:contact@hispeo.com\" target=\"_blank\" aria-label=\"undefined (s\u2019ouvre dans un nouvel onglet)\" rel=\"noreferrer noopener\"><span style=\"color:#ffffff\" class=\"tadv-color\">contact@hispeo.com<\/span><\/a><\/p>\n<\/div>\n\n\n\n<div class=\"wp-block-column is-layout-flow wp-block-column-is-layout-flow\"><div class=\"wp-block-image is-resized\">\n<figure class=\"aligncenter size-large\"><img loading=\"lazy\" decoding=\"async\" width=\"547\" height=\"579\" data-src=\"http:\/\/s309930697.onlinehome.fr\/wp-content\/uploads\/2020\/10\/phone-picto-blanc.png\" alt=\"\" class=\"wp-image-2414 lazyload\" style=\"--smush-placeholder-width: 547px; --smush-placeholder-aspect-ratio: 547\/579;aspect-ratio:1;width:76px;height:auto\" data-srcset=\"https:\/\/www.hispeo.com\/wp-content\/uploads\/2020\/10\/phone-picto-blanc.png 547w, https:\/\/www.hispeo.com\/wp-content\/uploads\/2020\/10\/phone-picto-blanc-283x300.png 283w\" data-sizes=\"(max-width: 547px) 100vw, 547px\" src=\"data:image\/gif;base64,R0lGODlhAQABAAAAACH5BAEKAAEALAAAAAABAAEAAAICTAEAOw==\" \/><noscript><img loading=\"lazy\" decoding=\"async\" width=\"547\" height=\"579\" src=\"http:\/\/s309930697.onlinehome.fr\/wp-content\/uploads\/2020\/10\/phone-picto-blanc.png\" alt=\"\" class=\"wp-image-2414\" style=\"aspect-ratio:1;width:76px;height:auto\" srcset=\"https:\/\/www.hispeo.com\/wp-content\/uploads\/2020\/10\/phone-picto-blanc.png 547w, https:\/\/www.hispeo.com\/wp-content\/uploads\/2020\/10\/phone-picto-blanc-283x300.png 283w\" sizes=\"(max-width: 547px) 100vw, 547px\" \/><\/noscript><\/figure><\/div>\n\n\n<div class=\"wp-block-group\"><div class=\"wp-block-group__inner-container is-layout-flow wp-block-group-is-layout-flow\">\n<div class=\"wp-block-group\"><div class=\"wp-block-group__inner-container is-layout-flow wp-block-group-is-layout-flow\">\n<div class=\"wp-block-group\"><div class=\"wp-block-group__inner-container is-layout-flow wp-block-group-is-layout-flow\">\n<p class=\"has-text-align-center has-nv-text-dark-bg-color has-text-color has-link-color has-medium-font-size wp-elements-bc5dcd68cfc45303ed2a2a7c15bc372a\"><strong>+33<strong> 9 50 68 80 36<\/strong><\/strong> de lunes a viernes de 9.00 a 18.00<\/p>\n<\/div><\/div>\n<\/div><\/div>\n<\/div><\/div>\n<\/div>\n\n\n\n<div class=\"wp-block-column is-layout-flow wp-block-column-is-layout-flow\"><div class=\"wp-block-image is-resized\">\n<figure class=\"aligncenter size-large\"><img loading=\"lazy\" decoding=\"async\" width=\"571\" height=\"455\" data-src=\"http:\/\/s309930697.onlinehome.fr\/wp-content\/uploads\/2020\/10\/form-picto-blanc.png\" alt=\"\" class=\"wp-image-2415 lazyload\" style=\"--smush-placeholder-width: 571px; --smush-placeholder-aspect-ratio: 571\/455;aspect-ratio:1;width:74px;height:auto\" data-srcset=\"https:\/\/www.hispeo.com\/wp-content\/uploads\/2020\/10\/form-picto-blanc.png 571w, https:\/\/www.hispeo.com\/wp-content\/uploads\/2020\/10\/form-picto-blanc-300x239.png 300w\" data-sizes=\"(max-width: 571px) 100vw, 571px\" src=\"data:image\/gif;base64,R0lGODlhAQABAAAAACH5BAEKAAEALAAAAAABAAEAAAICTAEAOw==\" \/><noscript><img loading=\"lazy\" decoding=\"async\" width=\"571\" height=\"455\" src=\"http:\/\/s309930697.onlinehome.fr\/wp-content\/uploads\/2020\/10\/form-picto-blanc.png\" alt=\"\" class=\"wp-image-2415\" style=\"aspect-ratio:1;width:74px;height:auto\" srcset=\"https:\/\/www.hispeo.com\/wp-content\/uploads\/2020\/10\/form-picto-blanc.png 571w, https:\/\/www.hispeo.com\/wp-content\/uploads\/2020\/10\/form-picto-blanc-300x239.png 300w\" sizes=\"(max-width: 571px) 100vw, 571px\" \/><\/noscript><\/figure><\/div>\n\n\n<p class=\"has-text-align-center has-white-color has-text-color\"><a href=\"\/es\/contacto\/\"><span style=\"color:#ffffff\" class=\"tadv-color\">Formulario de contact<\/span><\/a>o<\/p>\n<\/div>\n<\/div>\n<\/div><\/div>\n","protected":false},"excerpt":{"rendered":"<p>\u00a110% de descuento inmediato en tu primer pedido! * Servicios exentos de IVA\u2013 Art\u00edculo 293B del CGI. Los precios mencionados en esta Web son los que se cobrar\u00e1n al cliente. \u00bfTienes un proyecto? \u00a1Selecciona tu servicio! : Traducci\u00f3n Interpretaci\u00f3n de negocios a distancia Transcripci\u00f3n de audio Redacci\u00f3n de contenidos<\/p>\n","protected":false},"author":1,"featured_media":0,"parent":0,"menu_order":-3,"comment_status":"closed","ping_status":"closed","template":"","meta":{"neve_meta_sidebar":"full-width","neve_meta_container":"contained","neve_meta_enable_content_width":"off","neve_meta_content_width":100,"neve_meta_title_alignment":"","neve_meta_author_avatar":"","neve_post_elements_order":"","neve_meta_disable_header":"","neve_meta_disable_footer":"","neve_meta_disable_title":"on","_themeisle_gutenberg_block_has_review":false,"footnotes":""},"class_list":["post-7871","page","type-page","status-publish","hentry"],"yoast_head":"<!-- This site is optimized with the Yoast SEO plugin v23.8 - https:\/\/yoast.com\/wordpress\/plugins\/seo\/ -->\n<title>Oferta de bienvenida - Hispeo<\/title>\n<meta name=\"description\" content=\"\u00bfTienes un proyecto de traducci\u00f3n, de transcripci\u00f3n de audio y de redacci\u00f3n Web en franc\u00e9s? \u00a1Disfruta de tu oferta de bienvenida en tu primer pedido!\" \/>\n<meta name=\"robots\" content=\"index, follow, max-snippet:-1, max-image-preview:large, max-video-preview:-1\" \/>\n<link rel=\"canonical\" href=\"https:\/\/www.hispeo.com\/es\/oferta-de-bienvenida\/\" \/>\n<meta property=\"og:locale\" content=\"es_ES\" \/>\n<meta property=\"og:type\" content=\"article\" \/>\n<meta property=\"og:title\" content=\"Oferta de bienvenida - Hispeo\" \/>\n<meta property=\"og:description\" content=\"\u00bfTienes un proyecto de traducci\u00f3n, de transcripci\u00f3n de audio y de redacci\u00f3n Web en franc\u00e9s? \u00a1Disfruta de tu oferta de bienvenida en tu primer pedido!\" \/>\n<meta property=\"og:url\" content=\"https:\/\/www.hispeo.com\/es\/oferta-de-bienvenida\/\" \/>\n<meta property=\"og:site_name\" content=\"Hispeo\" \/>\n<meta property=\"article:publisher\" content=\"https:\/\/www.facebook.com\/hispeo\" \/>\n<meta property=\"article:modified_time\" content=\"2026-02-06T10:53:42+00:00\" \/>\n<meta property=\"og:image\" content=\"https:\/\/www.hispeo.com\/wp-content\/uploads\/2021\/10\/oferta-bienvenida.png\" \/>\n\t<meta property=\"og:image:width\" content=\"1024\" \/>\n\t<meta property=\"og:image:height\" content=\"400\" \/>\n\t<meta property=\"og:image:type\" content=\"image\/png\" \/>\n<meta name=\"twitter:card\" content=\"summary_large_image\" \/>\n<meta name=\"twitter:label1\" content=\"Tiempo de lectura\" \/>\n\t<meta name=\"twitter:data1\" content=\"2 minutos\" \/>\n<script type=\"application\/ld+json\" class=\"yoast-schema-graph\">{\"@context\":\"https:\/\/schema.org\",\"@graph\":[{\"@type\":\"WebPage\",\"@id\":\"https:\/\/www.hispeo.com\/es\/oferta-de-bienvenida\/\",\"url\":\"https:\/\/www.hispeo.com\/es\/oferta-de-bienvenida\/\",\"name\":\"Oferta de bienvenida - Hispeo\",\"isPartOf\":{\"@id\":\"https:\/\/www.hispeo.com\/#website\"},\"primaryImageOfPage\":{\"@id\":\"https:\/\/www.hispeo.com\/es\/oferta-de-bienvenida\/#primaryimage\"},\"image\":{\"@id\":\"https:\/\/www.hispeo.com\/es\/oferta-de-bienvenida\/#primaryimage\"},\"thumbnailUrl\":\"https:\/\/www.hispeo.com\/wp-content\/uploads\/2021\/10\/oferta-bienvenida.png\",\"datePublished\":\"2020-09-28T14:39:53+00:00\",\"dateModified\":\"2026-02-06T10:53:42+00:00\",\"description\":\"\u00bfTienes un proyecto de traducci\u00f3n, de transcripci\u00f3n de audio y de redacci\u00f3n Web en franc\u00e9s? \u00a1Disfruta de tu oferta de bienvenida en tu primer pedido!\",\"breadcrumb\":{\"@id\":\"https:\/\/www.hispeo.com\/es\/oferta-de-bienvenida\/#breadcrumb\"},\"inLanguage\":\"es\",\"potentialAction\":[{\"@type\":\"ReadAction\",\"target\":[\"https:\/\/www.hispeo.com\/es\/oferta-de-bienvenida\/\"]}]},{\"@type\":\"ImageObject\",\"inLanguage\":\"es\",\"@id\":\"https:\/\/www.hispeo.com\/es\/oferta-de-bienvenida\/#primaryimage\",\"url\":\"https:\/\/www.hispeo.com\/wp-content\/uploads\/2021\/10\/oferta-bienvenida.png\",\"contentUrl\":\"https:\/\/www.hispeo.com\/wp-content\/uploads\/2021\/10\/oferta-bienvenida.png\"},{\"@type\":\"BreadcrumbList\",\"@id\":\"https:\/\/www.hispeo.com\/es\/oferta-de-bienvenida\/#breadcrumb\",\"itemListElement\":[{\"@type\":\"ListItem\",\"position\":1,\"name\":\"Accueil\",\"item\":\"https:\/\/www.hispeo.com\/es\/\"},{\"@type\":\"ListItem\",\"position\":2,\"name\":\"Oferta de bienvenida\"}]},{\"@type\":\"WebSite\",\"@id\":\"https:\/\/www.hispeo.com\/#website\",\"url\":\"https:\/\/www.hispeo.com\/\",\"name\":\"Hispeo\",\"description\":\"Expert en traduction, transcription et r\u00e9daction web espagnol-fran\u00e7ais, fran\u00e7ais-espagnol\",\"publisher\":{\"@id\":\"https:\/\/www.hispeo.com\/#organization\"},\"potentialAction\":[{\"@type\":\"SearchAction\",\"target\":{\"@type\":\"EntryPoint\",\"urlTemplate\":\"https:\/\/www.hispeo.com\/?s={search_term_string}\"},\"query-input\":{\"@type\":\"PropertyValueSpecification\",\"valueRequired\":true,\"valueName\":\"search_term_string\"}}],\"inLanguage\":\"es\"},{\"@type\":\"Organization\",\"@id\":\"https:\/\/www.hispeo.com\/#organization\",\"name\":\"Hispeo\",\"url\":\"https:\/\/www.hispeo.com\/\",\"logo\":{\"@type\":\"ImageObject\",\"inLanguage\":\"es\",\"@id\":\"https:\/\/www.hispeo.com\/#\/schema\/logo\/image\/\",\"url\":\"https:\/\/www.hispeo.com\/wp-content\/uploads\/2020\/05\/hispeo-logo.png\",\"contentUrl\":\"https:\/\/www.hispeo.com\/wp-content\/uploads\/2020\/05\/hispeo-logo.png\",\"width\":231,\"height\":73,\"caption\":\"Hispeo\"},\"image\":{\"@id\":\"https:\/\/www.hispeo.com\/#\/schema\/logo\/image\/\"},\"sameAs\":[\"https:\/\/www.facebook.com\/hispeo\"]}]}<\/script>\n<!-- \/ Yoast SEO plugin. -->","yoast_head_json":{"title":"Oferta de bienvenida - Hispeo","description":"\u00bfTienes un proyecto de traducci\u00f3n, de transcripci\u00f3n de audio y de redacci\u00f3n Web en franc\u00e9s? \u00a1Disfruta de tu oferta de bienvenida en tu primer pedido!","robots":{"index":"index","follow":"follow","max-snippet":"max-snippet:-1","max-image-preview":"max-image-preview:large","max-video-preview":"max-video-preview:-1"},"canonical":"https:\/\/www.hispeo.com\/es\/oferta-de-bienvenida\/","og_locale":"es_ES","og_type":"article","og_title":"Oferta de bienvenida - Hispeo","og_description":"\u00bfTienes un proyecto de traducci\u00f3n, de transcripci\u00f3n de audio y de redacci\u00f3n Web en franc\u00e9s? \u00a1Disfruta de tu oferta de bienvenida en tu primer pedido!","og_url":"https:\/\/www.hispeo.com\/es\/oferta-de-bienvenida\/","og_site_name":"Hispeo","article_publisher":"https:\/\/www.facebook.com\/hispeo","article_modified_time":"2026-02-06T10:53:42+00:00","og_image":[{"width":1024,"height":400,"url":"https:\/\/www.hispeo.com\/wp-content\/uploads\/2021\/10\/oferta-bienvenida.png","type":"image\/png"}],"twitter_card":"summary_large_image","twitter_misc":{"Tiempo de lectura":"2 minutos"},"schema":{"@context":"https:\/\/schema.org","@graph":[{"@type":"WebPage","@id":"https:\/\/www.hispeo.com\/es\/oferta-de-bienvenida\/","url":"https:\/\/www.hispeo.com\/es\/oferta-de-bienvenida\/","name":"Oferta de bienvenida - Hispeo","isPartOf":{"@id":"https:\/\/www.hispeo.com\/#website"},"primaryImageOfPage":{"@id":"https:\/\/www.hispeo.com\/es\/oferta-de-bienvenida\/#primaryimage"},"image":{"@id":"https:\/\/www.hispeo.com\/es\/oferta-de-bienvenida\/#primaryimage"},"thumbnailUrl":"https:\/\/www.hispeo.com\/wp-content\/uploads\/2021\/10\/oferta-bienvenida.png","datePublished":"2020-09-28T14:39:53+00:00","dateModified":"2026-02-06T10:53:42+00:00","description":"\u00bfTienes un proyecto de traducci\u00f3n, de transcripci\u00f3n de audio y de redacci\u00f3n Web en franc\u00e9s? \u00a1Disfruta de tu oferta de bienvenida en tu primer pedido!","breadcrumb":{"@id":"https:\/\/www.hispeo.com\/es\/oferta-de-bienvenida\/#breadcrumb"},"inLanguage":"es","potentialAction":[{"@type":"ReadAction","target":["https:\/\/www.hispeo.com\/es\/oferta-de-bienvenida\/"]}]},{"@type":"ImageObject","inLanguage":"es","@id":"https:\/\/www.hispeo.com\/es\/oferta-de-bienvenida\/#primaryimage","url":"https:\/\/www.hispeo.com\/wp-content\/uploads\/2021\/10\/oferta-bienvenida.png","contentUrl":"https:\/\/www.hispeo.com\/wp-content\/uploads\/2021\/10\/oferta-bienvenida.png"},{"@type":"BreadcrumbList","@id":"https:\/\/www.hispeo.com\/es\/oferta-de-bienvenida\/#breadcrumb","itemListElement":[{"@type":"ListItem","position":1,"name":"Accueil","item":"https:\/\/www.hispeo.com\/es\/"},{"@type":"ListItem","position":2,"name":"Oferta de bienvenida"}]},{"@type":"WebSite","@id":"https:\/\/www.hispeo.com\/#website","url":"https:\/\/www.hispeo.com\/","name":"Hispeo","description":"Expert en traduction, transcription et r\u00e9daction web espagnol-fran\u00e7ais, fran\u00e7ais-espagnol","publisher":{"@id":"https:\/\/www.hispeo.com\/#organization"},"potentialAction":[{"@type":"SearchAction","target":{"@type":"EntryPoint","urlTemplate":"https:\/\/www.hispeo.com\/?s={search_term_string}"},"query-input":{"@type":"PropertyValueSpecification","valueRequired":true,"valueName":"search_term_string"}}],"inLanguage":"es"},{"@type":"Organization","@id":"https:\/\/www.hispeo.com\/#organization","name":"Hispeo","url":"https:\/\/www.hispeo.com\/","logo":{"@type":"ImageObject","inLanguage":"es","@id":"https:\/\/www.hispeo.com\/#\/schema\/logo\/image\/","url":"https:\/\/www.hispeo.com\/wp-content\/uploads\/2020\/05\/hispeo-logo.png","contentUrl":"https:\/\/www.hispeo.com\/wp-content\/uploads\/2020\/05\/hispeo-logo.png","width":231,"height":73,"caption":"Hispeo"},"image":{"@id":"https:\/\/www.hispeo.com\/#\/schema\/logo\/image\/"},"sameAs":["https:\/\/www.facebook.com\/hispeo"]}]}},"_links":{"self":[{"href":"https:\/\/www.hispeo.com\/es\/wp-json\/wp\/v2\/pages\/7871"}],"collection":[{"href":"https:\/\/www.hispeo.com\/es\/wp-json\/wp\/v2\/pages"}],"about":[{"href":"https:\/\/www.hispeo.com\/es\/wp-json\/wp\/v2\/types\/page"}],"author":[{"embeddable":true,"href":"https:\/\/www.hispeo.com\/es\/wp-json\/wp\/v2\/users\/1"}],"replies":[{"embeddable":true,"href":"https:\/\/www.hispeo.com\/es\/wp-json\/wp\/v2\/comments?post=7871"}],"version-history":[{"count":34,"href":"https:\/\/www.hispeo.com\/es\/wp-json\/wp\/v2\/pages\/7871\/revisions"}],"predecessor-version":[{"id":18087,"href":"https:\/\/www.hispeo.com\/es\/wp-json\/wp\/v2\/pages\/7871\/revisions\/18087"}],"wp:attachment":[{"href":"https:\/\/www.hispeo.com\/es\/wp-json\/wp\/v2\/media?parent=7871"}],"curies":[{"name":"wp","href":"https:\/\/api.w.org\/{rel}","templated":true}]}}