{"id":7778,"date":"2020-10-04T12:30:49","date_gmt":"2020-10-04T12:30:49","guid":{"rendered":"https:\/\/www.hispeo.com\/?page_id=7778"},"modified":"2026-03-29T10:13:15","modified_gmt":"2026-03-29T10:13:15","slug":"presupuestos","status":"publish","type":"page","link":"https:\/\/www.hispeo.com\/es\/presupuestos\/","title":{"rendered":"Presupuestos"},"content":{"rendered":"\n<div class=\"wp-block-cover alignfull has-parallax\" style=\"padding-right:var(--wp--preset--spacing--30);padding-left:var(--wp--preset--spacing--30);min-height:200px;aspect-ratio:unset;\"><span aria-hidden=\"true\" class=\"wp-block-cover__background has-background-dim-90 has-background-dim wp-block-cover__gradient-background has-background-gradient has-blush-bordeaux-gradient-background\"><\/span><div role=\"img\" aria-label=\"Presupuestos\" class=\"wp-block-cover__image-background wp-image-50 has-parallax lazyload\" style=\"background-position:50% 50%;background-image:inherit\" data-bg-image=\"url(https:\/\/www.hispeo.com\/wp-content\/uploads\/2020\/05\/hispeo-back.png)\"><\/div><div class=\"wp-block-cover__inner-container is-layout-flow wp-block-cover-is-layout-flow\">\n<h1 class=\"wp-block-heading has-white-color has-text-color\">Presupuestos<\/h1>\n\n\n<\/div><\/div>\n\n\n\n<h2 class=\"wp-block-heading\"><br>\u00bfTienes un proyecto de traducci\u00f3n, interpretaci\u00f3n remota, transcripci\u00f3n de audio o redacci\u00f3n Web al franc\u00e9s y\/o al <strong>espa\u00f1ol,<\/strong> y necesitas un presupuesto?<\/h2>\n\n\n\n<div class=\"wp-block-group\"><div class=\"wp-block-group__inner-container is-layout-flow wp-block-group-is-layout-flow\">\n<h2 class=\"wp-block-heading has-neve-button-color-color has-text-color\">Selecciona tu servicio : <\/h2>\n<\/div><\/div>\n\n\n\n<p>Para obtener tu presupuesto por correo electr\u00f3nico, es sencillo. \u00a1Selecciona la categor\u00eda de servicios que necesitas a continuaci\u00f3n y rellena el formulario (direcci\u00f3n y correo electr\u00f3nico)! Luego, recibir\u00e1s tu presupuesto por correo electr\u00f3nico dentro de las 24 horas.<\/p>\n\n\n\n<ul class=\"wp-block-list\">\n<li><strong><a href=\"\/es\/presupuesto-de-traduccion-espanol-frances-y-frances-espanol\/\">Traducci\u00f3n<\/a><\/strong><\/li>\n\n\n\n<li><strong><a href=\"\/es\/presupuesto-de-interpretacion-espanol-frances\/\">Interpretaci\u00f3n remota<\/a><\/strong><\/li>\n\n\n\n<li><strong><a href=\"\/es\/presupuesto-de-transcripcion-de-audio-en-espanol-y-en-frances\/\">Transcripci\u00f3n de audio<\/a><\/strong><\/li>\n\n\n\n<li><strong><a href=\"\/es\/presupuesto-de-redaccion-de-contenidos-web-en-frances-y-espanol\/\">Redacci\u00f3n de contenidos<\/a><\/strong><\/li>\n<\/ul>\n\n\n\n<p>Todos los presupuestos son totalmente <strong>gratuitos y sin ning\u00fan tipo de compromiso<\/strong>. Respuesta por correo electr\u00f3nico dentro de las 24 horas. Toda solicitud de informaci\u00f3n ser\u00e1 atendida con la mayor brevedad posible.<\/p>\n\n\n\n<p><strong>Los descuentos (oferta de bienvenida del 10%, ofertas comerciales actuales, Halloween, Black Friday) se aplicar\u00e1n directamente en el presupuesto enviado por correo electr\u00f3nico<\/strong>. Cabe notar que la oferta de bienvenida no puede combinarse con las ofertas comerciales actuales. Las ofertas son v\u00e1lidas s\u00f3lo una vez en uno de los servicios propuestos: traducci\u00f3n, transcripci\u00f3n de audio y redacci\u00f3n de contenidos en espa\u00f1ol y franc\u00e9s.<\/p>\n\n\n\n<p>\u00bfTienes preguntas o informaciones adicionales? No dudes en consultar &nbsp;<strong><a href=\"\/es\/faq-preguntas-frecuentes\">la&nbsp;r\u00fabrica FAQ<\/a><\/strong> o <a href=\"\/es\/contacto\"><strong>la r\u00fabrica <\/strong><\/a><strong><a href=\"\/es\/contacto\">Contacto<\/a><\/strong><a href=\"http:\/\/www.hispeo.com\/contact-espagnol.html\"><strong>.<\/strong><\/a><\/p>\n\n\n\n<div class=\"wp-block-cover alignfull is-light\" style=\"min-height:400px;aspect-ratio:unset;\"><span aria-hidden=\"true\" class=\"wp-block-cover__background has-background-dim-100 has-background-dim\" style=\"background-color:#a7a7a7\"><\/span><div class=\"wp-block-cover__inner-container is-layout-flow wp-block-cover-is-layout-flow\">\n<h2 id=\"wp-block-themeisle-blocks-advanced-heading-f5dc7ea6\" class=\"wp-block-themeisle-blocks-advanced-heading wp-block-themeisle-blocks-advanced-heading-f5dc7ea6\">Oferta de bienvenida<\/h2>\n\n\n\n<h3 id=\"wp-block-themeisle-blocks-advanced-heading-4a90326b\" class=\"wp-block-themeisle-blocks-advanced-heading wp-block-themeisle-blocks-advanced-heading-4a90326b\"><strong>\u00a1<\/strong>10 % de descuento inmediato en tu primer pedido!<\/h3>\n\n\n\n<div class=\"wp-block-buttons is-content-justification-center is-layout-flex wp-container-core-buttons-is-layout-1 wp-block-buttons-is-layout-flex\">\n<div class=\"wp-block-button is-style-secondary\"><a class=\"wp-block-button__link wp-element-button\" href=\"\/es\/oferta-de-bienvenida\">M\u00e1s informaci\u00f3n<\/a><\/div>\n<\/div>\n\n\n<\/div><\/div>\n\n\n\n<div class=\"wp-block-cover alignfull is-light\" style=\"min-height:420px;aspect-ratio:unset;\"><span aria-hidden=\"true\" class=\"wp-block-cover__background has-neve-button-color-background-color has-background-dim-100 has-background-dim\"><\/span><div class=\"wp-block-cover__inner-container is-layout-flow wp-block-cover-is-layout-flow\">\n<p><\/p>\n\n\n\n<h4 class=\"wp-block-heading has-text-align-center has-nv-text-dark-bg-color has-text-color has-link-color wp-elements-484157f503d7ff6fbb52c1db279aae69\">\u00bf<strong>T<\/strong>ienes un proyecto?<\/h4>\n\n\n\n<p class=\"has-text-align-center has-nv-text-dark-bg-color has-text-color has-link-color wp-elements-871b84b66829877127edaa2b8031bf54\"><strong>\u00bfNecesitas m\u00e1s informaci<strong>\u00f3<\/strong>n sobre los servicios de hispeo o necesitas pedir un presupuesto?<\/strong><\/p>\n\n\n\n<div class=\"wp-block-columns is-layout-flex wp-container-core-columns-is-layout-1 wp-block-columns-is-layout-flex\">\n<div class=\"wp-block-column is-layout-flow wp-block-column-is-layout-flow\"><div class=\"wp-block-image is-resized\">\n<figure class=\"aligncenter size-large\"><img loading=\"lazy\" decoding=\"async\" width=\"540\" height=\"516\" data-src=\"http:\/\/s309930697.onlinehome.fr\/wp-content\/uploads\/2020\/10\/email-picto-blanc.png\" alt=\"\" class=\"wp-image-2413 lazyload\" style=\"--smush-placeholder-width: 540px; --smush-placeholder-aspect-ratio: 540\/516;aspect-ratio:1;width:74px;height:auto\" data-srcset=\"https:\/\/www.hispeo.com\/wp-content\/uploads\/2020\/10\/email-picto-blanc.png 540w, https:\/\/www.hispeo.com\/wp-content\/uploads\/2020\/10\/email-picto-blanc-300x287.png 300w\" data-sizes=\"(max-width: 540px) 100vw, 540px\" src=\"data:image\/gif;base64,R0lGODlhAQABAAAAACH5BAEKAAEALAAAAAABAAEAAAICTAEAOw==\" \/><noscript><img loading=\"lazy\" decoding=\"async\" width=\"540\" height=\"516\" src=\"http:\/\/s309930697.onlinehome.fr\/wp-content\/uploads\/2020\/10\/email-picto-blanc.png\" alt=\"\" class=\"wp-image-2413\" style=\"aspect-ratio:1;width:74px;height:auto\" srcset=\"https:\/\/www.hispeo.com\/wp-content\/uploads\/2020\/10\/email-picto-blanc.png 540w, https:\/\/www.hispeo.com\/wp-content\/uploads\/2020\/10\/email-picto-blanc-300x287.png 300w\" sizes=\"(max-width: 540px) 100vw, 540px\" \/><\/noscript><\/figure><\/div>\n\n\n<p class=\"has-text-align-center\"><a href=\"mailto:contact@hispeo.com\" target=\"_blank\" aria-label=\"undefined (s\u2019ouvre dans un nouvel onglet)\" rel=\"noreferrer noopener\"><span style=\"color:#ffffff\" class=\"tadv-color\">contact@hispeo.com<\/span><\/a><\/p>\n<\/div>\n\n\n\n<div class=\"wp-block-column is-layout-flow wp-block-column-is-layout-flow\"><div class=\"wp-block-image is-resized\">\n<figure class=\"aligncenter size-large\"><img loading=\"lazy\" decoding=\"async\" width=\"547\" height=\"579\" data-src=\"http:\/\/s309930697.onlinehome.fr\/wp-content\/uploads\/2020\/10\/phone-picto-blanc.png\" alt=\"\" class=\"wp-image-2414 lazyload\" style=\"--smush-placeholder-width: 547px; --smush-placeholder-aspect-ratio: 547\/579;aspect-ratio:1;width:76px;height:auto\" data-srcset=\"https:\/\/www.hispeo.com\/wp-content\/uploads\/2020\/10\/phone-picto-blanc.png 547w, https:\/\/www.hispeo.com\/wp-content\/uploads\/2020\/10\/phone-picto-blanc-283x300.png 283w\" data-sizes=\"(max-width: 547px) 100vw, 547px\" src=\"data:image\/gif;base64,R0lGODlhAQABAAAAACH5BAEKAAEALAAAAAABAAEAAAICTAEAOw==\" \/><noscript><img loading=\"lazy\" decoding=\"async\" width=\"547\" height=\"579\" src=\"http:\/\/s309930697.onlinehome.fr\/wp-content\/uploads\/2020\/10\/phone-picto-blanc.png\" alt=\"\" class=\"wp-image-2414\" style=\"aspect-ratio:1;width:76px;height:auto\" srcset=\"https:\/\/www.hispeo.com\/wp-content\/uploads\/2020\/10\/phone-picto-blanc.png 547w, https:\/\/www.hispeo.com\/wp-content\/uploads\/2020\/10\/phone-picto-blanc-283x300.png 283w\" sizes=\"(max-width: 547px) 100vw, 547px\" \/><\/noscript><\/figure><\/div>\n\n\n<div class=\"wp-block-group\"><div class=\"wp-block-group__inner-container is-layout-flow wp-block-group-is-layout-flow\">\n<div class=\"wp-block-group\"><div class=\"wp-block-group__inner-container is-layout-flow wp-block-group-is-layout-flow\">\n<div class=\"wp-block-group\"><div class=\"wp-block-group__inner-container is-layout-flow wp-block-group-is-layout-flow\">\n<p class=\"has-text-align-center has-nv-text-dark-bg-color has-text-color has-link-color has-medium-font-size wp-elements-bc5dcd68cfc45303ed2a2a7c15bc372a\"><strong>+33<strong> 9 50 68 80 36<\/strong><\/strong> de lunes a viernes de 9.00 a 18.00<\/p>\n<\/div><\/div>\n<\/div><\/div>\n<\/div><\/div>\n<\/div>\n\n\n\n<div class=\"wp-block-column is-layout-flow wp-block-column-is-layout-flow\"><div class=\"wp-block-image is-resized\">\n<figure class=\"aligncenter size-large\"><img loading=\"lazy\" decoding=\"async\" width=\"571\" height=\"455\" data-src=\"http:\/\/s309930697.onlinehome.fr\/wp-content\/uploads\/2020\/10\/form-picto-blanc.png\" alt=\"\" class=\"wp-image-2415 lazyload\" style=\"--smush-placeholder-width: 571px; --smush-placeholder-aspect-ratio: 571\/455;aspect-ratio:1;width:74px;height:auto\" data-srcset=\"https:\/\/www.hispeo.com\/wp-content\/uploads\/2020\/10\/form-picto-blanc.png 571w, https:\/\/www.hispeo.com\/wp-content\/uploads\/2020\/10\/form-picto-blanc-300x239.png 300w\" data-sizes=\"(max-width: 571px) 100vw, 571px\" src=\"data:image\/gif;base64,R0lGODlhAQABAAAAACH5BAEKAAEALAAAAAABAAEAAAICTAEAOw==\" \/><noscript><img loading=\"lazy\" decoding=\"async\" width=\"571\" height=\"455\" src=\"http:\/\/s309930697.onlinehome.fr\/wp-content\/uploads\/2020\/10\/form-picto-blanc.png\" alt=\"\" class=\"wp-image-2415\" style=\"aspect-ratio:1;width:74px;height:auto\" srcset=\"https:\/\/www.hispeo.com\/wp-content\/uploads\/2020\/10\/form-picto-blanc.png 571w, https:\/\/www.hispeo.com\/wp-content\/uploads\/2020\/10\/form-picto-blanc-300x239.png 300w\" sizes=\"(max-width: 571px) 100vw, 571px\" \/><\/noscript><\/figure><\/div>\n\n\n<p class=\"has-text-align-center has-white-color has-text-color\"><a href=\"\/es\/contacto\/\"><span style=\"color:#ffffff\" class=\"tadv-color\">Formulario de contact<\/span><\/a>o<\/p>\n<\/div>\n<\/div>\n<\/div><\/div>\n","protected":false},"excerpt":{"rendered":"<p>\u00bfTienes un proyecto de traducci\u00f3n, interpretaci\u00f3n remota, transcripci\u00f3n de audio o redacci\u00f3n Web al franc\u00e9s y\/o al espa\u00f1ol, y necesitas un presupuesto? Selecciona tu servicio : Para obtener tu presupuesto por correo electr\u00f3nico, es sencillo. \u00a1Selecciona la categor\u00eda de servicios que necesitas a continuaci\u00f3n y rellena el formulario (direcci\u00f3n y correo electr\u00f3nico)! Luego, recibir\u00e1s tu&hellip;&nbsp;<a href=\"https:\/\/www.hispeo.com\/es\/presupuestos\/\" rel=\"bookmark\">Leer m\u00e1s &raquo;<span class=\"screen-reader-text\">Presupuestos<\/span><\/a><\/p>\n","protected":false},"author":1,"featured_media":0,"parent":0,"menu_order":-3,"comment_status":"closed","ping_status":"closed","template":"","meta":{"neve_meta_sidebar":"full-width","neve_meta_container":"contained","neve_meta_enable_content_width":"off","neve_meta_content_width":100,"neve_meta_title_alignment":"","neve_meta_author_avatar":"","neve_post_elements_order":"","neve_meta_disable_header":"","neve_meta_disable_footer":"","neve_meta_disable_title":"on","_themeisle_gutenberg_block_has_review":false,"footnotes":""},"class_list":["post-7778","page","type-page","status-publish","hentry"],"yoast_head":"<!-- This site is optimized with the Yoast SEO plugin v23.8 - https:\/\/yoast.com\/wordpress\/plugins\/seo\/ -->\n<title>Presupuestos - Hispeo<\/title>\n<meta name=\"description\" content=\"\u00bfTienes un proyecto y necesitas un presupuesto? Rellena el siguiente formulario de hispeo. Presupuesto gratuito y sin compromiso .\" \/>\n<meta name=\"robots\" content=\"index, follow, max-snippet:-1, max-image-preview:large, max-video-preview:-1\" \/>\n<link rel=\"canonical\" href=\"https:\/\/www.hispeo.com\/es\/presupuestos\/\" \/>\n<meta property=\"og:locale\" content=\"es_ES\" \/>\n<meta property=\"og:type\" content=\"article\" \/>\n<meta property=\"og:title\" content=\"Presupuestos - Hispeo\" \/>\n<meta property=\"og:description\" content=\"\u00bfTienes un proyecto y necesitas un presupuesto? Rellena el siguiente formulario de hispeo. Presupuesto gratuito y sin compromiso .\" \/>\n<meta property=\"og:url\" content=\"https:\/\/www.hispeo.com\/es\/presupuestos\/\" \/>\n<meta property=\"og:site_name\" content=\"Hispeo\" \/>\n<meta property=\"article:publisher\" content=\"https:\/\/www.facebook.com\/hispeo\" \/>\n<meta property=\"article:modified_time\" content=\"2026-03-29T10:13:15+00:00\" \/>\n<meta property=\"og:image\" content=\"https:\/\/www.hispeo.com\/wp-content\/uploads\/2021\/01\/hispeo-cover-fb.jpg\" \/>\n\t<meta property=\"og:image:width\" content=\"851\" \/>\n\t<meta property=\"og:image:height\" content=\"315\" \/>\n\t<meta property=\"og:image:type\" content=\"image\/jpeg\" \/>\n<meta name=\"twitter:card\" content=\"summary_large_image\" \/>\n<meta name=\"twitter:label1\" content=\"Tiempo de lectura\" \/>\n\t<meta name=\"twitter:data1\" content=\"2 minutos\" \/>\n<script type=\"application\/ld+json\" class=\"yoast-schema-graph\">{\"@context\":\"https:\/\/schema.org\",\"@graph\":[{\"@type\":\"WebPage\",\"@id\":\"https:\/\/www.hispeo.com\/es\/presupuestos\/\",\"url\":\"https:\/\/www.hispeo.com\/es\/presupuestos\/\",\"name\":\"Presupuestos - Hispeo\",\"isPartOf\":{\"@id\":\"https:\/\/www.hispeo.com\/#website\"},\"datePublished\":\"2020-10-04T12:30:49+00:00\",\"dateModified\":\"2026-03-29T10:13:15+00:00\",\"description\":\"\u00bfTienes un proyecto y necesitas un presupuesto? Rellena el siguiente formulario de hispeo. Presupuesto gratuito y sin compromiso .\",\"breadcrumb\":{\"@id\":\"https:\/\/www.hispeo.com\/es\/presupuestos\/#breadcrumb\"},\"inLanguage\":\"es\",\"potentialAction\":[{\"@type\":\"ReadAction\",\"target\":[\"https:\/\/www.hispeo.com\/es\/presupuestos\/\"]}]},{\"@type\":\"BreadcrumbList\",\"@id\":\"https:\/\/www.hispeo.com\/es\/presupuestos\/#breadcrumb\",\"itemListElement\":[{\"@type\":\"ListItem\",\"position\":1,\"name\":\"Accueil\",\"item\":\"https:\/\/www.hispeo.com\/es\/\"},{\"@type\":\"ListItem\",\"position\":2,\"name\":\"Presupuestos\"}]},{\"@type\":\"WebSite\",\"@id\":\"https:\/\/www.hispeo.com\/#website\",\"url\":\"https:\/\/www.hispeo.com\/\",\"name\":\"Hispeo\",\"description\":\"Expert en traduction, transcription et r\u00e9daction web espagnol-fran\u00e7ais, fran\u00e7ais-espagnol\",\"publisher\":{\"@id\":\"https:\/\/www.hispeo.com\/#organization\"},\"potentialAction\":[{\"@type\":\"SearchAction\",\"target\":{\"@type\":\"EntryPoint\",\"urlTemplate\":\"https:\/\/www.hispeo.com\/?s={search_term_string}\"},\"query-input\":{\"@type\":\"PropertyValueSpecification\",\"valueRequired\":true,\"valueName\":\"search_term_string\"}}],\"inLanguage\":\"es\"},{\"@type\":\"Organization\",\"@id\":\"https:\/\/www.hispeo.com\/#organization\",\"name\":\"Hispeo\",\"url\":\"https:\/\/www.hispeo.com\/\",\"logo\":{\"@type\":\"ImageObject\",\"inLanguage\":\"es\",\"@id\":\"https:\/\/www.hispeo.com\/#\/schema\/logo\/image\/\",\"url\":\"https:\/\/www.hispeo.com\/wp-content\/uploads\/2020\/05\/hispeo-logo.png\",\"contentUrl\":\"https:\/\/www.hispeo.com\/wp-content\/uploads\/2020\/05\/hispeo-logo.png\",\"width\":231,\"height\":73,\"caption\":\"Hispeo\"},\"image\":{\"@id\":\"https:\/\/www.hispeo.com\/#\/schema\/logo\/image\/\"},\"sameAs\":[\"https:\/\/www.facebook.com\/hispeo\"]}]}<\/script>\n<!-- \/ Yoast SEO plugin. -->","yoast_head_json":{"title":"Presupuestos - Hispeo","description":"\u00bfTienes un proyecto y necesitas un presupuesto? Rellena el siguiente formulario de hispeo. Presupuesto gratuito y sin compromiso .","robots":{"index":"index","follow":"follow","max-snippet":"max-snippet:-1","max-image-preview":"max-image-preview:large","max-video-preview":"max-video-preview:-1"},"canonical":"https:\/\/www.hispeo.com\/es\/presupuestos\/","og_locale":"es_ES","og_type":"article","og_title":"Presupuestos - Hispeo","og_description":"\u00bfTienes un proyecto y necesitas un presupuesto? Rellena el siguiente formulario de hispeo. Presupuesto gratuito y sin compromiso .","og_url":"https:\/\/www.hispeo.com\/es\/presupuestos\/","og_site_name":"Hispeo","article_publisher":"https:\/\/www.facebook.com\/hispeo","article_modified_time":"2026-03-29T10:13:15+00:00","og_image":[{"width":851,"height":315,"url":"https:\/\/www.hispeo.com\/wp-content\/uploads\/2021\/01\/hispeo-cover-fb.jpg","type":"image\/jpeg"}],"twitter_card":"summary_large_image","twitter_misc":{"Tiempo de lectura":"2 minutos"},"schema":{"@context":"https:\/\/schema.org","@graph":[{"@type":"WebPage","@id":"https:\/\/www.hispeo.com\/es\/presupuestos\/","url":"https:\/\/www.hispeo.com\/es\/presupuestos\/","name":"Presupuestos - Hispeo","isPartOf":{"@id":"https:\/\/www.hispeo.com\/#website"},"datePublished":"2020-10-04T12:30:49+00:00","dateModified":"2026-03-29T10:13:15+00:00","description":"\u00bfTienes un proyecto y necesitas un presupuesto? Rellena el siguiente formulario de hispeo. Presupuesto gratuito y sin compromiso .","breadcrumb":{"@id":"https:\/\/www.hispeo.com\/es\/presupuestos\/#breadcrumb"},"inLanguage":"es","potentialAction":[{"@type":"ReadAction","target":["https:\/\/www.hispeo.com\/es\/presupuestos\/"]}]},{"@type":"BreadcrumbList","@id":"https:\/\/www.hispeo.com\/es\/presupuestos\/#breadcrumb","itemListElement":[{"@type":"ListItem","position":1,"name":"Accueil","item":"https:\/\/www.hispeo.com\/es\/"},{"@type":"ListItem","position":2,"name":"Presupuestos"}]},{"@type":"WebSite","@id":"https:\/\/www.hispeo.com\/#website","url":"https:\/\/www.hispeo.com\/","name":"Hispeo","description":"Expert en traduction, transcription et r\u00e9daction web espagnol-fran\u00e7ais, fran\u00e7ais-espagnol","publisher":{"@id":"https:\/\/www.hispeo.com\/#organization"},"potentialAction":[{"@type":"SearchAction","target":{"@type":"EntryPoint","urlTemplate":"https:\/\/www.hispeo.com\/?s={search_term_string}"},"query-input":{"@type":"PropertyValueSpecification","valueRequired":true,"valueName":"search_term_string"}}],"inLanguage":"es"},{"@type":"Organization","@id":"https:\/\/www.hispeo.com\/#organization","name":"Hispeo","url":"https:\/\/www.hispeo.com\/","logo":{"@type":"ImageObject","inLanguage":"es","@id":"https:\/\/www.hispeo.com\/#\/schema\/logo\/image\/","url":"https:\/\/www.hispeo.com\/wp-content\/uploads\/2020\/05\/hispeo-logo.png","contentUrl":"https:\/\/www.hispeo.com\/wp-content\/uploads\/2020\/05\/hispeo-logo.png","width":231,"height":73,"caption":"Hispeo"},"image":{"@id":"https:\/\/www.hispeo.com\/#\/schema\/logo\/image\/"},"sameAs":["https:\/\/www.facebook.com\/hispeo"]}]}},"_links":{"self":[{"href":"https:\/\/www.hispeo.com\/es\/wp-json\/wp\/v2\/pages\/7778"}],"collection":[{"href":"https:\/\/www.hispeo.com\/es\/wp-json\/wp\/v2\/pages"}],"about":[{"href":"https:\/\/www.hispeo.com\/es\/wp-json\/wp\/v2\/types\/page"}],"author":[{"embeddable":true,"href":"https:\/\/www.hispeo.com\/es\/wp-json\/wp\/v2\/users\/1"}],"replies":[{"embeddable":true,"href":"https:\/\/www.hispeo.com\/es\/wp-json\/wp\/v2\/comments?post=7778"}],"version-history":[{"count":38,"href":"https:\/\/www.hispeo.com\/es\/wp-json\/wp\/v2\/pages\/7778\/revisions"}],"predecessor-version":[{"id":18560,"href":"https:\/\/www.hispeo.com\/es\/wp-json\/wp\/v2\/pages\/7778\/revisions\/18560"}],"wp:attachment":[{"href":"https:\/\/www.hispeo.com\/es\/wp-json\/wp\/v2\/media?parent=7778"}],"curies":[{"name":"wp","href":"https:\/\/api.w.org\/{rel}","templated":true}]}}