{"id":7741,"date":"2020-10-11T16:59:23","date_gmt":"2020-10-11T16:59:23","guid":{"rendered":"https:\/\/www.hispeo.com\/?page_id=7741"},"modified":"2026-02-05T15:23:28","modified_gmt":"2026-02-05T15:23:28","slug":"referencias-de-clientes","status":"publish","type":"page","link":"https:\/\/www.hispeo.com\/es\/referencias-de-clientes\/","title":{"rendered":"Referencias"},"content":{"rendered":"\n<div class=\"wp-block-cover alignfull has-parallax\" style=\"padding-right:var(--wp--preset--spacing--30);padding-left:var(--wp--preset--spacing--30);min-height:200px;aspect-ratio:unset;\"><span aria-hidden=\"true\" class=\"wp-block-cover__background has-background-dim-90 has-background-dim wp-block-cover__gradient-background has-background-gradient has-blush-bordeaux-gradient-background\"><\/span><div role=\"img\" aria-label=\"Referencias de clientes\" class=\"wp-block-cover__image-background wp-image-50 has-parallax lazyload\" style=\"background-position:50% 50%;background-image:inherit\" data-bg-image=\"url(https:\/\/www.hispeo.com\/wp-content\/uploads\/2020\/05\/hispeo-back.png)\"><\/div><div class=\"wp-block-cover__inner-container is-layout-flow wp-block-cover-is-layout-flow\">\n<h1 class=\"wp-block-heading has-white-color has-text-color\">Referencias de clientes<\/h1>\n\n\n<\/div><\/div>\n\n\n\n<p><\/p>\n\n\n\n<h2 class=\"wp-block-heading\">Ya sean particulares, multinacionales o start-ups, Hispeo acompa\u00f1a a todos los clientes con proyectos biling\u00fces que desean darles vida a nivel internacional<\/h2>\n\n\n\n<h2 class=\"wp-block-heading\">Referencias de clientes que confiaron en Hispeo<\/h2>\n\n\n\n<ul class=\"wp-block-list\">\n<li><strong>Particular<\/strong>. Interpretaci\u00f3n remota&nbsp;del franc\u00e9s al espa\u00f1ol&nbsp;para facilitar intercambios de car\u00e1cter jur\u00eddico, realizada en colaboraci\u00f3n con una notar\u00eda (acompa\u00f1amiento&nbsp;ling\u00fc\u00edstico no jurado).<\/li>\n\n\n\n<li><strong>Particular<\/strong>.\u00a0Traducci\u00f3n al espa\u00f1ol de una carta de presentaci\u00f3n para solicitud de ingreso en una universidad espa\u00f1ola.<\/li>\n\n\n\n<li><strong>Empresa RIF Luminaires\u00a0<\/strong>Traducci\u00f3n de varios folletos comerciales en el sector de la iluminaci\u00f3n sostenible y de bajo consumo energ\u00e9tico (energ\u00edas renovables).<\/li>\n\n\n\n<li><strong>Particular<\/strong>.&nbsp;Traducci\u00f3n teol\u00f3gica y literaria (gran volumen).<\/li>\n\n\n\n<li><strong>Empresa GVD Diffusion-Rapides Savoyard<\/strong><strong>.<\/strong>&nbsp;Traducci\u00f3n del franc\u00e9s al espa\u00f1ol de una presentaci\u00f3n comercial (traducci\u00f3n comercial y t\u00e9cnica: electrodom\u00e9sticos).<\/li>\n\n\n\n<li><strong>Particulares&nbsp;<\/strong>.&nbsp;Traducci\u00f3n del franc\u00e9s al espa\u00f1ol (tema de la boda).<\/li>\n\n\n\n<li><strong>Agencia digital canadiense (Montreal).&nbsp;<\/strong>Traducci\u00f3n al espa\u00f1ol de textos tur\u00edsticos y de entretenimiento (Las Vegas).<\/li>\n\n\n\n<li><strong>Saloni Francia.\u00a0<\/strong>Interpretaci\u00f3n remota espa\u00f1ol-franc\u00e9s en una reuni\u00f3n por Zoom. Tem\u00e1tica: Recursos Humanos.<\/li>\n\n\n\n<li><strong>Asociaci\u00f3n F93.\u00a0<\/strong>Transcripci\u00f3n literal en espa\u00f1ol de una entrevista con un decatleta espa\u00f1ol y traducciones al franc\u00e9s de textos deportivos.<\/li>\n\n\n\n<li><strong>Archivera \/ Administradora de documentos.&nbsp;<\/strong>Transcripci\u00f3n literal en espa\u00f1ol de un testimonio hist\u00f3rico y relato autobiogr\u00e1fico de un deportado y superviviente del Campo de concentraci\u00f3n de Mauthausen.<\/li>\n<\/ul>\n\n\n\n<h2 class=\"wp-block-heading\">Otras experiencias en traducci\u00f3n e interpretaci\u00f3n \u2013 Referencias de clientes<\/h2>\n\n\n\n<ul class=\"wp-block-list\">\n<li><strong>Multinacional francesa.&nbsp;<\/strong>Transcripci\u00f3n literal de reuniones de Comit\u00e9 de Empresa (CE) en franc\u00e9s.<\/li>\n\n\n\n<li><a href=\"http:\/\/www.wolterskluwerfrance.fr\/\" target=\"_blank\" rel=\"noreferrer noopener\"><strong>Wolters Kluwer Francia<\/strong><\/a>&nbsp;(prensa y editorial profesional).Traducci\u00f3n espa\u00f1ol-franc\u00e9s de un&nbsp;<a href=\"https:\/\/www.amazon.fr\/Traitement-plaies-chirurgie-r%C3%A9paratrice-chien\/dp\/2863263242\"><strong>libro de Veterinaria<\/strong><\/a>, traducciones veterinarias espa\u00f1ol-franc\u00e9s y franc\u00e9s-espa\u00f1ol (tem\u00e1tica rural)<\/li>\n\n\n\n<li><strong>Oficina de Turismo del Pa\u00eds de los Impresionistas&nbsp;<\/strong>(turismo). Traducci\u00f3n franc\u00e9s-espa\u00f1ol de la p\u00e1gina web.<\/li>\n\n\n\n<li><a href=\"http:\/\/www.hypnoz.fr\/\" target=\"_blank\" rel=\"noreferrer noopener\"><strong>Hypnoz&nbsp;<\/strong><\/a>(agencia de dise\u00f1o gr\u00e1fico). Traducci\u00f3n franc\u00e9s-espa\u00f1ol de un folleto marketing (tablet multimedia).<\/li>\n\n\n\n<li><strong>Particulares.&nbsp;<\/strong>Traducciones de cartas de presentaci\u00f3n y Curr\u00edculum Vitae&nbsp;.<\/li>\n\n\n\n<li><strong>Inversiones Arrazola<\/strong>&nbsp;(empresa de alta costura). Interpretaci\u00f3n del espa\u00f1ol (colombiano) al franc\u00e9s Feria Textil&nbsp;<em>Premi\u00e8re Vision,<\/em>&nbsp;Villepinte, Par\u00eds.<\/li>\n\n\n\n<li><a href=\"http:\/\/www.itc-france-traduction.com\/\" target=\"_blank\" rel=\"noreferrer noopener\"><strong>ITC Francia&nbsp;<\/strong><\/a>(agencia de traducci\u00f3n). Traducciones espa\u00f1ol-franc\u00e9s de cuentos para ni\u00f1os, traducci\u00f3n jur\u00eddica y financiera, traducci\u00f3n de anuncios publicitarios al franc\u00e9s (soportes audio).<\/li>\n\n\n\n<li><strong>Correct online&nbsp;<\/strong>(red nacional de redactores, correctores y traductores). Traducciones agr\u00edcolas y botanicas espa\u00f1ol-franc\u00e9s, traducci\u00f3n franc\u00e9s-espa\u00f1ol de art\u00edculos Web en el \u00e1mbito de los seguros motos.<\/li>\n\n\n\n<li><strong>Laboratorio DVI&nbsp;<\/strong>(fabricante y distribuidor de productos diet\u00e9ticos). Traducci\u00f3n al espa\u00f1ol de la p\u00e1gina Web.<\/li>\n\n\n\n<li><a href=\"https:\/\/www.cendrier-de-poche.com\/\" target=\"_blank\" rel=\"noreferrer noopener\"><strong>Nomad Attitudd<\/strong><\/a>&nbsp;(especialista del art\u00edculo publicitario ecol\u00f3gico y natural). Negociaci\u00f3n y seguido comercial en espa\u00f1ol (art\u00edculos publicitarios).<\/li>\n\n\n\n<li><strong>Agestrad<\/strong>&nbsp;(agencia de traducci\u00f3n). Traducci\u00f3n y encuesta telef\u00f3nica agr\u00edcola espa\u00f1ol-franc\u00e9s, traducciones industriales.<\/li>\n\n\n\n<li>&nbsp;<strong>Rezonux<\/strong>&nbsp;(especialista en desarrollo Web y software). Traducci\u00f3n al espa\u00f1ol de una aplicaci\u00f3n Web Facebook.<\/li>\n<\/ul>\n\n\n\n<hr class=\"wp-block-separator has-css-opacity\"\/>\n\n\n\n<h2 class=\"wp-block-heading has-neve-button-color-color has-text-color\">Mis experiencias laborales en Francia y Espa\u00f1a<\/h2>\n\n\n\n<ul>\n<li><span style=\"color: #000000;\"><strong><a href=\"http:\/\/www.daregal.fr\/\" target=\"_blank\" rel=\"noopener noreferrer\">Daregal<\/a>.<\/strong> Coordinadora y traductora Log\u00edstica Zona Espa\u00f1a &#8211; Proyecto Daregal Iberica &#8211; Planta de transformaci\u00f3n de Santaella, Espa\u00f1a.<\/span><\/li>\n<li><span style=\"color: #000000;\"><strong><a href=\"http:\/\/www.cemex.fr\/\" target=\"_blank\" rel=\"noopener noreferrer\">Cemex Francia. <\/a><\/strong>Traductora e Int\u00e9rprete biling\u00fce Espa\u00f1ol (Mexicano) &#8211; franc\u00e9s &#8211; Proyecto Cemex Way<\/span><\/li>\n<li><span style=\"color: #000000;\"><a href=\"https:\/\/www.torraspapelmalmenayde.fr\/\" target=\"_blank\" rel=\"noopener noreferrer\"><strong>Torraspapel Malmenayde Francia. <\/strong><\/a>&nbsp;Asistente de Direcci\u00f3n General biling\u00fce Espa\u00f1ol-franc\u00e9s.<\/span><\/li>\n<li><span style=\"color: #000000;\"><span style=\"color: #000000;\"><a href=\"https:\/\/www.vinci-facilities.com\/\" target=\"_blank\" rel=\"noopener noreferrer\"><strong>Faceo Francia.<\/strong><\/a><\/span><\/span><span style=\"color: #000000;\"> Traductora T\u00e9cnica Direcci\u00f3n General Europa (Proyecto Dupont Oviedo Asturias).<\/span><\/li>\n<li><span style=\"color: #000000;\"><span style=\"color: #000000;\"><a href=\"http:\/\/www.torsitrad.com\/\" target=\"_blank\" rel=\"noopener noreferrer\"><strong>Torsistrad.<\/strong><\/a> Traductora Espa\u00f1ol-Catal\u00e1n-Franc\u00e9s. <\/span><\/span><span style=\"color: #000000;\">Traducci\u00f3n de la <em>Gu\u00eda&nbsp;gastron\u00f3mica de les Terres de Lleida<\/em>, Traducciones tur\u00edsticas para la p\u00e1gina Web (wwww.paeria.cat).<\/span><\/li>\n<li><span style=\"color: #000000;\"><strong>Agencia <\/strong><strong>AZ <\/strong><strong>Promociones<\/strong><a href=\"http:\/\/www.azafatasypromotoras.com\/\" target=\"_blank\" rel=\"noopener noreferrer\"><strong>.<\/strong><\/a>&nbsp;Azafata &#8211; promotora Campa\u00f1a publicitaria Coburn Barcelona.<\/span><\/li>\n<\/ul>\n\n\n\n<hr class=\"wp-block-separator has-css-opacity\"\/>\n\n\n\n<p>Si necesitas saber m\u00e1s informaci\u00f3n sobre los servicios de<a href=\"https:\/\/www.hispeo.com\/es\/traduccion-al-frances-y-al-espanol\/\">&nbsp;<strong>traducci\u00f3n<\/strong>,<\/a><a href=\"https:\/\/www.hispeo.com\/es\/transcripcion-de-audio-en-frances-o-en-espanol\/\"> <\/a><strong><a href=\"https:\/\/www.hispeo.com\/es\/servicio-de-interpretacion-a-distancia-espanol-frances\/\">interpretaci\u00f3n de negocios a distancia<\/a><\/strong><a href=\"https:\/\/www.hispeo.com\/es\/transcripcion-de-audio-en-frances-o-en-espanol\/\">,&nbsp;<strong>transcripci\u00f3n de audio<\/strong><\/a>&nbsp;et&nbsp;<a href=\"https:\/\/www.hispeo.com\/es\/redaccion-de-contenidos-web-en-frances-y-espanol\/\"><strong>redacci\u00f3n de contenidos web<\/strong>&nbsp;<\/a> en franc\u00e9s y espa\u00f1ol, p\u00f3nte en contacto con&nbsp;<strong><a href=\"https:\/\/www.hispeo.com\/es\/contacto\/\">hispeo<\/a><\/strong>.<\/p>\n\n\n\n<div class=\"wp-block-cover alignfull is-light\" style=\"min-height:400px;aspect-ratio:unset;\"><span aria-hidden=\"true\" class=\"wp-block-cover__background has-background-dim-100 has-background-dim\" style=\"background-color:#a7a7a7\"><\/span><div class=\"wp-block-cover__inner-container is-layout-flow wp-block-cover-is-layout-flow\">\n<h2 id=\"wp-block-themeisle-blocks-advanced-heading-f5dc7ea6\" class=\"wp-block-themeisle-blocks-advanced-heading wp-block-themeisle-blocks-advanced-heading-f5dc7ea6\">Oferta de bienvenida<\/h2>\n\n\n\n<h3 id=\"wp-block-themeisle-blocks-advanced-heading-4a90326b\" class=\"wp-block-themeisle-blocks-advanced-heading wp-block-themeisle-blocks-advanced-heading-4a90326b\"><strong>\u00a1<\/strong>10 % de descuento inmediato en tu primer pedido!<\/h3>\n\n\n\n<div class=\"wp-block-buttons is-content-justification-center is-layout-flex wp-container-core-buttons-is-layout-1 wp-block-buttons-is-layout-flex\">\n<div class=\"wp-block-button is-style-secondary\"><a class=\"wp-block-button__link wp-element-button\" href=\"\/es\/oferta-de-bienvenida\">M\u00e1s informaci\u00f3n<\/a><\/div>\n<\/div>\n\n\n<\/div><\/div>\n\n\n\n<div class=\"wp-block-cover alignfull is-light\" style=\"min-height:420px;aspect-ratio:unset;\"><span aria-hidden=\"true\" class=\"wp-block-cover__background has-neve-button-color-background-color has-background-dim-100 has-background-dim\"><\/span><div class=\"wp-block-cover__inner-container is-layout-flow wp-block-cover-is-layout-flow\">\n<p><\/p>\n\n\n\n<h4 class=\"wp-block-heading has-text-align-center has-nv-text-dark-bg-color has-text-color has-link-color wp-elements-484157f503d7ff6fbb52c1db279aae69\">\u00bf<strong>T<\/strong>ienes un proyecto?<\/h4>\n\n\n\n<p class=\"has-text-align-center has-nv-text-dark-bg-color has-text-color has-link-color wp-elements-871b84b66829877127edaa2b8031bf54\"><strong>\u00bfNecesitas m\u00e1s informaci<strong>\u00f3<\/strong>n sobre los servicios de hispeo o necesitas pedir un presupuesto?<\/strong><\/p>\n\n\n\n<div class=\"wp-block-columns is-layout-flex wp-container-core-columns-is-layout-1 wp-block-columns-is-layout-flex\">\n<div class=\"wp-block-column is-layout-flow wp-block-column-is-layout-flow\"><div class=\"wp-block-image is-resized\">\n<figure class=\"aligncenter size-large\"><img loading=\"lazy\" decoding=\"async\" width=\"540\" height=\"516\" data-src=\"http:\/\/s309930697.onlinehome.fr\/wp-content\/uploads\/2020\/10\/email-picto-blanc.png\" alt=\"\" class=\"wp-image-2413 lazyload\" style=\"--smush-placeholder-width: 540px; --smush-placeholder-aspect-ratio: 540\/516;aspect-ratio:1;width:74px;height:auto\" data-srcset=\"https:\/\/www.hispeo.com\/wp-content\/uploads\/2020\/10\/email-picto-blanc.png 540w, https:\/\/www.hispeo.com\/wp-content\/uploads\/2020\/10\/email-picto-blanc-300x287.png 300w\" data-sizes=\"(max-width: 540px) 100vw, 540px\" src=\"data:image\/gif;base64,R0lGODlhAQABAAAAACH5BAEKAAEALAAAAAABAAEAAAICTAEAOw==\" \/><noscript><img loading=\"lazy\" decoding=\"async\" width=\"540\" height=\"516\" src=\"http:\/\/s309930697.onlinehome.fr\/wp-content\/uploads\/2020\/10\/email-picto-blanc.png\" alt=\"\" class=\"wp-image-2413\" style=\"aspect-ratio:1;width:74px;height:auto\" srcset=\"https:\/\/www.hispeo.com\/wp-content\/uploads\/2020\/10\/email-picto-blanc.png 540w, https:\/\/www.hispeo.com\/wp-content\/uploads\/2020\/10\/email-picto-blanc-300x287.png 300w\" sizes=\"(max-width: 540px) 100vw, 540px\" \/><\/noscript><\/figure><\/div>\n\n\n<p class=\"has-text-align-center\"><a href=\"mailto:contact@hispeo.com\" target=\"_blank\" aria-label=\"undefined (s\u2019ouvre dans un nouvel onglet)\" rel=\"noreferrer noopener\"><span style=\"color:#ffffff\" class=\"tadv-color\">contact@hispeo.com<\/span><\/a><\/p>\n<\/div>\n\n\n\n<div class=\"wp-block-column is-layout-flow wp-block-column-is-layout-flow\"><div class=\"wp-block-image is-resized\">\n<figure class=\"aligncenter size-large\"><img loading=\"lazy\" decoding=\"async\" width=\"547\" height=\"579\" data-src=\"http:\/\/s309930697.onlinehome.fr\/wp-content\/uploads\/2020\/10\/phone-picto-blanc.png\" alt=\"\" class=\"wp-image-2414 lazyload\" style=\"--smush-placeholder-width: 547px; --smush-placeholder-aspect-ratio: 547\/579;aspect-ratio:1;width:76px;height:auto\" data-srcset=\"https:\/\/www.hispeo.com\/wp-content\/uploads\/2020\/10\/phone-picto-blanc.png 547w, https:\/\/www.hispeo.com\/wp-content\/uploads\/2020\/10\/phone-picto-blanc-283x300.png 283w\" data-sizes=\"(max-width: 547px) 100vw, 547px\" src=\"data:image\/gif;base64,R0lGODlhAQABAAAAACH5BAEKAAEALAAAAAABAAEAAAICTAEAOw==\" \/><noscript><img loading=\"lazy\" decoding=\"async\" width=\"547\" height=\"579\" src=\"http:\/\/s309930697.onlinehome.fr\/wp-content\/uploads\/2020\/10\/phone-picto-blanc.png\" alt=\"\" class=\"wp-image-2414\" style=\"aspect-ratio:1;width:76px;height:auto\" srcset=\"https:\/\/www.hispeo.com\/wp-content\/uploads\/2020\/10\/phone-picto-blanc.png 547w, https:\/\/www.hispeo.com\/wp-content\/uploads\/2020\/10\/phone-picto-blanc-283x300.png 283w\" sizes=\"(max-width: 547px) 100vw, 547px\" \/><\/noscript><\/figure><\/div>\n\n\n<div class=\"wp-block-group\"><div class=\"wp-block-group__inner-container is-layout-flow wp-block-group-is-layout-flow\">\n<div class=\"wp-block-group\"><div class=\"wp-block-group__inner-container is-layout-flow wp-block-group-is-layout-flow\">\n<div class=\"wp-block-group\"><div class=\"wp-block-group__inner-container is-layout-flow wp-block-group-is-layout-flow\">\n<p class=\"has-text-align-center has-nv-text-dark-bg-color has-text-color has-link-color has-medium-font-size wp-elements-bc5dcd68cfc45303ed2a2a7c15bc372a\"><strong>+33<strong> 9 50 68 80 36<\/strong><\/strong> de lunes a viernes de 9.00 a 18.00<\/p>\n<\/div><\/div>\n<\/div><\/div>\n<\/div><\/div>\n<\/div>\n\n\n\n<div class=\"wp-block-column is-layout-flow wp-block-column-is-layout-flow\"><div class=\"wp-block-image is-resized\">\n<figure class=\"aligncenter size-large\"><img loading=\"lazy\" decoding=\"async\" width=\"571\" height=\"455\" data-src=\"http:\/\/s309930697.onlinehome.fr\/wp-content\/uploads\/2020\/10\/form-picto-blanc.png\" alt=\"\" class=\"wp-image-2415 lazyload\" style=\"--smush-placeholder-width: 571px; --smush-placeholder-aspect-ratio: 571\/455;aspect-ratio:1;width:74px;height:auto\" data-srcset=\"https:\/\/www.hispeo.com\/wp-content\/uploads\/2020\/10\/form-picto-blanc.png 571w, https:\/\/www.hispeo.com\/wp-content\/uploads\/2020\/10\/form-picto-blanc-300x239.png 300w\" data-sizes=\"(max-width: 571px) 100vw, 571px\" src=\"data:image\/gif;base64,R0lGODlhAQABAAAAACH5BAEKAAEALAAAAAABAAEAAAICTAEAOw==\" \/><noscript><img loading=\"lazy\" decoding=\"async\" width=\"571\" height=\"455\" src=\"http:\/\/s309930697.onlinehome.fr\/wp-content\/uploads\/2020\/10\/form-picto-blanc.png\" alt=\"\" class=\"wp-image-2415\" style=\"aspect-ratio:1;width:74px;height:auto\" srcset=\"https:\/\/www.hispeo.com\/wp-content\/uploads\/2020\/10\/form-picto-blanc.png 571w, https:\/\/www.hispeo.com\/wp-content\/uploads\/2020\/10\/form-picto-blanc-300x239.png 300w\" sizes=\"(max-width: 571px) 100vw, 571px\" \/><\/noscript><\/figure><\/div>\n\n\n<p class=\"has-text-align-center has-white-color has-text-color\"><a href=\"\/es\/contacto\/\"><span style=\"color:#ffffff\" class=\"tadv-color\">Formulario de contact<\/span><\/a>o<\/p>\n<\/div>\n<\/div>\n<\/div><\/div>\n","protected":false},"excerpt":{"rendered":"<p>Ya sean particulares, multinacionales o start-ups, Hispeo acompa\u00f1a a todos los clientes con proyectos biling\u00fces que desean darles vida a nivel internacional Referencias de clientes que confiaron en Hispeo Otras experiencias en traducci\u00f3n e interpretaci\u00f3n \u2013 Referencias de clientes Mis experiencias laborales en Francia y Espa\u00f1a Daregal. Coordinadora y traductora Log\u00edstica Zona Espa\u00f1a &#8211; Proyecto&hellip;&nbsp;<a href=\"https:\/\/www.hispeo.com\/es\/referencias-de-clientes\/\" rel=\"bookmark\">Leer m\u00e1s &raquo;<span class=\"screen-reader-text\">Referencias<\/span><\/a><\/p>\n","protected":false},"author":1,"featured_media":0,"parent":0,"menu_order":-3,"comment_status":"closed","ping_status":"closed","template":"","meta":{"neve_meta_sidebar":"full-width","neve_meta_container":"contained","neve_meta_enable_content_width":"off","neve_meta_content_width":100,"neve_meta_title_alignment":"","neve_meta_author_avatar":"","neve_post_elements_order":"","neve_meta_disable_header":"","neve_meta_disable_footer":"","neve_meta_disable_title":"on","_themeisle_gutenberg_block_has_review":false,"footnotes":""},"class_list":["post-7741","page","type-page","status-publish","hentry"],"yoast_head":"<!-- This site is optimized with the Yoast SEO plugin v23.8 - https:\/\/yoast.com\/wordpress\/plugins\/seo\/ -->\n<title>Referencias - Hispeo<\/title>\n<meta name=\"description\" content=\"Puedes consultar aqu\u00ed las referencias de los clientes que confiaron en hispeo para sus proyectos a nivel nacional o internacional.\" \/>\n<meta name=\"robots\" content=\"index, follow, max-snippet:-1, max-image-preview:large, max-video-preview:-1\" \/>\n<link rel=\"canonical\" href=\"https:\/\/www.hispeo.com\/es\/referencias-de-clientes\/\" \/>\n<meta property=\"og:locale\" content=\"es_ES\" \/>\n<meta property=\"og:type\" content=\"article\" \/>\n<meta property=\"og:title\" content=\"Referencias - Hispeo\" \/>\n<meta property=\"og:description\" content=\"Puedes consultar aqu\u00ed las referencias de los clientes que confiaron en hispeo para sus proyectos a nivel nacional o internacional.\" \/>\n<meta property=\"og:url\" content=\"https:\/\/www.hispeo.com\/es\/referencias-de-clientes\/\" \/>\n<meta property=\"og:site_name\" content=\"Hispeo\" \/>\n<meta property=\"article:publisher\" content=\"https:\/\/www.facebook.com\/hispeo\" \/>\n<meta property=\"article:modified_time\" content=\"2026-02-05T15:23:28+00:00\" \/>\n<meta property=\"og:image\" content=\"https:\/\/www.hispeo.com\/wp-content\/uploads\/2021\/01\/hispeo-cover-fb.jpg\" \/>\n\t<meta property=\"og:image:width\" content=\"851\" \/>\n\t<meta property=\"og:image:height\" content=\"315\" \/>\n\t<meta property=\"og:image:type\" content=\"image\/jpeg\" \/>\n<meta name=\"twitter:card\" content=\"summary_large_image\" \/>\n<meta name=\"twitter:label1\" content=\"Tiempo de lectura\" \/>\n\t<meta name=\"twitter:data1\" content=\"4 minutos\" \/>\n<script type=\"application\/ld+json\" class=\"yoast-schema-graph\">{\"@context\":\"https:\/\/schema.org\",\"@graph\":[{\"@type\":\"WebPage\",\"@id\":\"https:\/\/www.hispeo.com\/es\/referencias-de-clientes\/\",\"url\":\"https:\/\/www.hispeo.com\/es\/referencias-de-clientes\/\",\"name\":\"Referencias - Hispeo\",\"isPartOf\":{\"@id\":\"https:\/\/www.hispeo.com\/#website\"},\"datePublished\":\"2020-10-11T16:59:23+00:00\",\"dateModified\":\"2026-02-05T15:23:28+00:00\",\"description\":\"Puedes consultar aqu\u00ed las referencias de los clientes que confiaron en hispeo para sus proyectos a nivel nacional o internacional.\",\"breadcrumb\":{\"@id\":\"https:\/\/www.hispeo.com\/es\/referencias-de-clientes\/#breadcrumb\"},\"inLanguage\":\"es\",\"potentialAction\":[{\"@type\":\"ReadAction\",\"target\":[\"https:\/\/www.hispeo.com\/es\/referencias-de-clientes\/\"]}]},{\"@type\":\"BreadcrumbList\",\"@id\":\"https:\/\/www.hispeo.com\/es\/referencias-de-clientes\/#breadcrumb\",\"itemListElement\":[{\"@type\":\"ListItem\",\"position\":1,\"name\":\"Accueil\",\"item\":\"https:\/\/www.hispeo.com\/es\/\"},{\"@type\":\"ListItem\",\"position\":2,\"name\":\"Referencias\"}]},{\"@type\":\"WebSite\",\"@id\":\"https:\/\/www.hispeo.com\/#website\",\"url\":\"https:\/\/www.hispeo.com\/\",\"name\":\"Hispeo\",\"description\":\"Expert en traduction, transcription et r\u00e9daction web espagnol-fran\u00e7ais, fran\u00e7ais-espagnol\",\"publisher\":{\"@id\":\"https:\/\/www.hispeo.com\/#organization\"},\"potentialAction\":[{\"@type\":\"SearchAction\",\"target\":{\"@type\":\"EntryPoint\",\"urlTemplate\":\"https:\/\/www.hispeo.com\/?s={search_term_string}\"},\"query-input\":{\"@type\":\"PropertyValueSpecification\",\"valueRequired\":true,\"valueName\":\"search_term_string\"}}],\"inLanguage\":\"es\"},{\"@type\":\"Organization\",\"@id\":\"https:\/\/www.hispeo.com\/#organization\",\"name\":\"Hispeo\",\"url\":\"https:\/\/www.hispeo.com\/\",\"logo\":{\"@type\":\"ImageObject\",\"inLanguage\":\"es\",\"@id\":\"https:\/\/www.hispeo.com\/#\/schema\/logo\/image\/\",\"url\":\"https:\/\/www.hispeo.com\/wp-content\/uploads\/2020\/05\/hispeo-logo.png\",\"contentUrl\":\"https:\/\/www.hispeo.com\/wp-content\/uploads\/2020\/05\/hispeo-logo.png\",\"width\":231,\"height\":73,\"caption\":\"Hispeo\"},\"image\":{\"@id\":\"https:\/\/www.hispeo.com\/#\/schema\/logo\/image\/\"},\"sameAs\":[\"https:\/\/www.facebook.com\/hispeo\"]}]}<\/script>\n<!-- \/ Yoast SEO plugin. -->","yoast_head_json":{"title":"Referencias - Hispeo","description":"Puedes consultar aqu\u00ed las referencias de los clientes que confiaron en hispeo para sus proyectos a nivel nacional o internacional.","robots":{"index":"index","follow":"follow","max-snippet":"max-snippet:-1","max-image-preview":"max-image-preview:large","max-video-preview":"max-video-preview:-1"},"canonical":"https:\/\/www.hispeo.com\/es\/referencias-de-clientes\/","og_locale":"es_ES","og_type":"article","og_title":"Referencias - Hispeo","og_description":"Puedes consultar aqu\u00ed las referencias de los clientes que confiaron en hispeo para sus proyectos a nivel nacional o internacional.","og_url":"https:\/\/www.hispeo.com\/es\/referencias-de-clientes\/","og_site_name":"Hispeo","article_publisher":"https:\/\/www.facebook.com\/hispeo","article_modified_time":"2026-02-05T15:23:28+00:00","og_image":[{"width":851,"height":315,"url":"https:\/\/www.hispeo.com\/wp-content\/uploads\/2021\/01\/hispeo-cover-fb.jpg","type":"image\/jpeg"}],"twitter_card":"summary_large_image","twitter_misc":{"Tiempo de lectura":"4 minutos"},"schema":{"@context":"https:\/\/schema.org","@graph":[{"@type":"WebPage","@id":"https:\/\/www.hispeo.com\/es\/referencias-de-clientes\/","url":"https:\/\/www.hispeo.com\/es\/referencias-de-clientes\/","name":"Referencias - Hispeo","isPartOf":{"@id":"https:\/\/www.hispeo.com\/#website"},"datePublished":"2020-10-11T16:59:23+00:00","dateModified":"2026-02-05T15:23:28+00:00","description":"Puedes consultar aqu\u00ed las referencias de los clientes que confiaron en hispeo para sus proyectos a nivel nacional o internacional.","breadcrumb":{"@id":"https:\/\/www.hispeo.com\/es\/referencias-de-clientes\/#breadcrumb"},"inLanguage":"es","potentialAction":[{"@type":"ReadAction","target":["https:\/\/www.hispeo.com\/es\/referencias-de-clientes\/"]}]},{"@type":"BreadcrumbList","@id":"https:\/\/www.hispeo.com\/es\/referencias-de-clientes\/#breadcrumb","itemListElement":[{"@type":"ListItem","position":1,"name":"Accueil","item":"https:\/\/www.hispeo.com\/es\/"},{"@type":"ListItem","position":2,"name":"Referencias"}]},{"@type":"WebSite","@id":"https:\/\/www.hispeo.com\/#website","url":"https:\/\/www.hispeo.com\/","name":"Hispeo","description":"Expert en traduction, transcription et r\u00e9daction web espagnol-fran\u00e7ais, fran\u00e7ais-espagnol","publisher":{"@id":"https:\/\/www.hispeo.com\/#organization"},"potentialAction":[{"@type":"SearchAction","target":{"@type":"EntryPoint","urlTemplate":"https:\/\/www.hispeo.com\/?s={search_term_string}"},"query-input":{"@type":"PropertyValueSpecification","valueRequired":true,"valueName":"search_term_string"}}],"inLanguage":"es"},{"@type":"Organization","@id":"https:\/\/www.hispeo.com\/#organization","name":"Hispeo","url":"https:\/\/www.hispeo.com\/","logo":{"@type":"ImageObject","inLanguage":"es","@id":"https:\/\/www.hispeo.com\/#\/schema\/logo\/image\/","url":"https:\/\/www.hispeo.com\/wp-content\/uploads\/2020\/05\/hispeo-logo.png","contentUrl":"https:\/\/www.hispeo.com\/wp-content\/uploads\/2020\/05\/hispeo-logo.png","width":231,"height":73,"caption":"Hispeo"},"image":{"@id":"https:\/\/www.hispeo.com\/#\/schema\/logo\/image\/"},"sameAs":["https:\/\/www.facebook.com\/hispeo"]}]}},"_links":{"self":[{"href":"https:\/\/www.hispeo.com\/es\/wp-json\/wp\/v2\/pages\/7741"}],"collection":[{"href":"https:\/\/www.hispeo.com\/es\/wp-json\/wp\/v2\/pages"}],"about":[{"href":"https:\/\/www.hispeo.com\/es\/wp-json\/wp\/v2\/types\/page"}],"author":[{"embeddable":true,"href":"https:\/\/www.hispeo.com\/es\/wp-json\/wp\/v2\/users\/1"}],"replies":[{"embeddable":true,"href":"https:\/\/www.hispeo.com\/es\/wp-json\/wp\/v2\/comments?post=7741"}],"version-history":[{"count":72,"href":"https:\/\/www.hispeo.com\/es\/wp-json\/wp\/v2\/pages\/7741\/revisions"}],"predecessor-version":[{"id":18034,"href":"https:\/\/www.hispeo.com\/es\/wp-json\/wp\/v2\/pages\/7741\/revisions\/18034"}],"wp:attachment":[{"href":"https:\/\/www.hispeo.com\/es\/wp-json\/wp\/v2\/media?parent=7741"}],"curies":[{"name":"wp","href":"https:\/\/api.w.org\/{rel}","templated":true}]}}